{"id":627,"date":"2023-07-11T15:19:04","date_gmt":"2023-07-11T13:19:04","guid":{"rendered":"https:\/\/mecab.eu\/?page_id=627"},"modified":"2023-07-11T15:24:21","modified_gmt":"2023-07-11T13:24:21","slug":"unternehmen","status":"publish","type":"page","link":"https:\/\/mecab.eu\/de\/unternehmen\/","title":{"rendered":"Unternehmen"},"content":{"rendered":"\t\t<div data-elementor-type=\"wp-page\" data-elementor-id=\"627\" class=\"elementor elementor-627\">\n\t\t\t\t\t\t\t\t\t<section class=\"elementor-section elementor-top-section elementor-element elementor-element-40036e5 elementor-section-content-middle elementor-section-boxed elementor-section-height-default elementor-section-height-default\" data-id=\"40036e5\" data-element_type=\"section\">\n\t\t\t\t\t\t<div class=\"elementor-container elementor-column-gap-wide\">\n\t\t\t\t\t<div class=\"elementor-column elementor-col-50 elementor-top-column elementor-element elementor-element-349e32c\" data-id=\"349e32c\" data-element_type=\"column\">\n\t\t\t<div class=\"elementor-widget-wrap elementor-element-populated\">\n\t\t\t\t\t\t\t\t<div class=\"elementor-element elementor-element-031a782 measure-wide elementor-invisible elementor-widget elementor-widget-text-editor\" data-id=\"031a782\" data-element_type=\"widget\" data-settings=\"{&quot;_animation&quot;:&quot;linePerLine&quot;}\" data-widget_type=\"text-editor.default\">\n\t\t\t\t<div class=\"elementor-widget-container\">\n\t\t\t<style>\/*! elementor - v3.10.2 - 29-01-2023 *\/\n.elementor-widget-text-editor.elementor-drop-cap-view-stacked .elementor-drop-cap{background-color:#818a91;color:#fff}.elementor-widget-text-editor.elementor-drop-cap-view-framed .elementor-drop-cap{color:#818a91;border:3px solid;background-color:transparent}.elementor-widget-text-editor:not(.elementor-drop-cap-view-default) .elementor-drop-cap{margin-top:8px}.elementor-widget-text-editor:not(.elementor-drop-cap-view-default) .elementor-drop-cap-letter{width:1em;height:1em}.elementor-widget-text-editor .elementor-drop-cap{float:left;text-align:center;line-height:1;font-size:50px}.elementor-widget-text-editor .elementor-drop-cap-letter{display:inline-block}<\/style>\t\t\t\t<p>Unser Unternehmen besteht seit 1997 und besch\u00e4ftigt sich mit der Herstellung von mechanischen Teilen f\u00fcr Dritte. Wir haben uns auf die <strong>CNC-Bearbeitung<\/strong> f\u00fcr die <strong>Herstellung von Prototypen<\/strong> und kleinen und mittleren Serien spezialisiert.<\/p><p>Im Laufe der Jahre haben wir Erfahrungen in vielen verschiedenen Bereichen gesammelt, in denen Dreh- und Fr\u00e4sbearbeitungen (und andere) erforderlich sind: Dies erm\u00f6glicht es uns, schnell und flexibel auf alle Produktionsanforderungen zu reagieren.<\/p>\t\t\t\t\t\t<\/div>\n\t\t\t\t<\/div>\n\t\t\t\t\t<\/div>\n\t\t<\/div>\n\t\t\t\t<div class=\"elementor-column elementor-col-50 elementor-top-column elementor-element elementor-element-f3cdd72\" data-id=\"f3cdd72\" data-element_type=\"column\">\n\t\t\t<div class=\"elementor-widget-wrap elementor-element-populated\">\n\t\t\t\t\t\t\t\t<div class=\"elementor-element elementor-element-3bae64e corner-cut--2 elementor-widget elementor-widget-image\" data-id=\"3bae64e\" data-element_type=\"widget\" data-widget_type=\"image.default\">\n\t\t\t\t<div class=\"elementor-widget-container\">\n\t\t\t<style>\/*! elementor - v3.10.2 - 29-01-2023 *\/\n.elementor-widget-image{text-align:center}.elementor-widget-image a{display:inline-block}.elementor-widget-image a img[src$=\".svg\"]{width:48px}.elementor-widget-image img{vertical-align:middle;display:inline-block}<\/style>\t\t\t\t\t\t\t\t\t\t\t\t<img loading=\"lazy\" decoding=\"async\" width=\"1024\" height=\"634\" src=\"https:\/\/mecab.eu\/wp-content\/uploads\/2023\/03\/foratura-1024x634.jpg\" class=\"attachment-large size-large wp-image-331\" alt=\"\" srcset=\"https:\/\/mecab.eu\/wp-content\/uploads\/2023\/03\/foratura-1024x634.jpg 1024w, https:\/\/mecab.eu\/wp-content\/uploads\/2023\/03\/foratura-300x186.jpg 300w, https:\/\/mecab.eu\/wp-content\/uploads\/2023\/03\/foratura-768x476.jpg 768w, https:\/\/mecab.eu\/wp-content\/uploads\/2023\/03\/foratura-1536x951.jpg 1536w, https:\/\/mecab.eu\/wp-content\/uploads\/2023\/03\/foratura.jpg 1920w\" sizes=\"auto, (max-width: 1024px) 100vw, 1024px\" \/>\t\t\t\t\t\t\t\t\t\t\t\t\t\t\t<\/div>\n\t\t\t\t<\/div>\n\t\t\t\t\t<\/div>\n\t\t<\/div>\n\t\t\t\t\t\t\t<\/div>\n\t\t<\/section>\n\t\t\t\t<section class=\"elementor-section elementor-top-section elementor-element elementor-element-bac4f32 elementor-section-content-middle elementor-section-boxed elementor-section-height-default elementor-section-height-default\" data-id=\"bac4f32\" data-element_type=\"section\">\n\t\t\t\t\t\t<div class=\"elementor-container elementor-column-gap-extended\">\n\t\t\t\t\t<div class=\"elementor-column elementor-col-50 elementor-top-column elementor-element elementor-element-4d85da6\" data-id=\"4d85da6\" data-element_type=\"column\">\n\t\t\t<div class=\"elementor-widget-wrap elementor-element-populated\">\n\t\t\t\t\t\t\t\t<div class=\"elementor-element elementor-element-44a2a1d measure elementor-invisible elementor-widget elementor-widget-text-editor\" data-id=\"44a2a1d\" data-element_type=\"widget\" data-settings=\"{&quot;_animation&quot;:&quot;linePerLine&quot;}\" data-widget_type=\"text-editor.default\">\n\t\t\t\t<div class=\"elementor-widget-container\">\n\t\t\t\t\t\t\t<h2>Flexibilit\u00e4t der Produktion<\/h2><p>Das Hauptmerkmal, das uns von anderen Zulieferern im Bereich der mechanischen Bearbeitung unterscheidet, ist die <strong>Flexibilit\u00e4t<\/strong>, mit der wir jede Anfrage und jedes Projekt angehen. Wir verf\u00fcgen \u00fcber die F\u00e4higkeiten und Kompetenzen, um die Arbeitsabl\u00e4ufe an die Anforderungen jedes Kunden in den unterschiedlichsten Bereichen und Sektoren anzupassen, dessen spezifische Bed\u00fcrfnisse wir zu erf\u00fcllen wissen.<\/p>\t\t\t\t\t\t<\/div>\n\t\t\t\t<\/div>\n\t\t\t\t\t<\/div>\n\t\t<\/div>\n\t\t\t\t<div class=\"elementor-column elementor-col-50 elementor-top-column elementor-element elementor-element-62cd4eb\" data-id=\"62cd4eb\" data-element_type=\"column\">\n\t\t\t<div class=\"elementor-widget-wrap elementor-element-populated\">\n\t\t\t\t\t\t\t\t<div class=\"elementor-element elementor-element-6675564 elementor-widget elementor-widget-image-carousel\" data-id=\"6675564\" data-element_type=\"widget\" data-settings=\"{&quot;slides_to_show&quot;:&quot;1&quot;,&quot;navigation&quot;:&quot;none&quot;,&quot;pause_on_hover&quot;:&quot;no&quot;,&quot;effect&quot;:&quot;fade&quot;,&quot;autoplay&quot;:&quot;yes&quot;,&quot;pause_on_interaction&quot;:&quot;yes&quot;,&quot;autoplay_speed&quot;:5000,&quot;infinite&quot;:&quot;yes&quot;,&quot;speed&quot;:500}\" data-widget_type=\"image-carousel.default\">\n\t\t\t\t<div class=\"elementor-widget-container\">\n\t\t\t<style>\/*! elementor - v3.10.2 - 29-01-2023 *\/\n.elementor-widget-image-carousel .swiper-container{position:static}.elementor-widget-image-carousel .swiper-container .swiper-slide figure{line-height:inherit}.elementor-widget-image-carousel .swiper-slide{text-align:center}.elementor-image-carousel-wrapper:not(.swiper-container-initialized) .swiper-slide{max-width:calc(100% \/ var(--e-image-carousel-slides-to-show, 3))}<\/style>\t\t<div class=\"elementor-image-carousel-wrapper swiper-container\" dir=\"ltr\">\n\t\t\t<div class=\"elementor-image-carousel swiper-wrapper\">\n\t\t\t\t\t\t\t\t<div class=\"swiper-slide\"><figure class=\"swiper-slide-inner\"><img decoding=\"async\" class=\"swiper-slide-image\" src=\"https:\/\/mecab.eu\/wp-content\/uploads\/2023\/03\/Still-life-MECAB-3-1024x640.jpg\" alt=\"Still life MECAB - 3\" \/><\/figure><\/div><div class=\"swiper-slide\"><figure class=\"swiper-slide-inner\"><img decoding=\"async\" class=\"swiper-slide-image\" src=\"https:\/\/mecab.eu\/wp-content\/uploads\/2023\/03\/Still-life-MECAB-6-1024x640.jpg\" alt=\"Still life MECAB - 6\" \/><\/figure><\/div><div class=\"swiper-slide\"><figure class=\"swiper-slide-inner\"><img decoding=\"async\" class=\"swiper-slide-image\" src=\"https:\/\/mecab.eu\/wp-content\/uploads\/2023\/03\/Still-life-MECAB-9-1024x640.jpg\" alt=\"Still life MECAB - 9\" \/><\/figure><\/div><div class=\"swiper-slide\"><figure class=\"swiper-slide-inner\"><img decoding=\"async\" class=\"swiper-slide-image\" src=\"https:\/\/mecab.eu\/wp-content\/uploads\/2023\/03\/Still-life-MECAB-11-1024x640.jpg\" alt=\"Still life MECAB - 11\" \/><\/figure><\/div><div class=\"swiper-slide\"><figure class=\"swiper-slide-inner\"><img decoding=\"async\" class=\"swiper-slide-image\" src=\"https:\/\/mecab.eu\/wp-content\/uploads\/2023\/03\/Still-life-MECAB-20-1024x640.jpg\" alt=\"Still life MECAB - 20\" \/><\/figure><\/div><div class=\"swiper-slide\"><figure class=\"swiper-slide-inner\"><img decoding=\"async\" class=\"swiper-slide-image\" src=\"https:\/\/mecab.eu\/wp-content\/uploads\/2023\/03\/Still-life-MECAB-21-1024x640.jpg\" alt=\"Still life MECAB - 21\" \/><\/figure><\/div>\t\t\t<\/div>\n\t\t\t\t\t\t\t\t\t\t\t\t\t\t\t\t<\/div>\n\t\t\t\t<\/div>\n\t\t\t\t<\/div>\n\t\t\t\t\t<\/div>\n\t\t<\/div>\n\t\t\t\t\t\t\t<\/div>\n\t\t<\/section>\n\t\t\t\t<section class=\"elementor-section elementor-top-section elementor-element elementor-element-12ca025 elementor-section-boxed elementor-section-height-default elementor-section-height-default\" data-id=\"12ca025\" data-element_type=\"section\">\n\t\t\t\t\t\t<div class=\"elementor-container elementor-column-gap-wide\">\n\t\t\t\t\t<div class=\"elementor-column elementor-col-33 elementor-top-column elementor-element elementor-element-7512c62\" data-id=\"7512c62\" data-element_type=\"column\" data-settings=\"{&quot;background_background&quot;:&quot;classic&quot;}\">\n\t\t\t<div class=\"elementor-widget-wrap elementor-element-populated\">\n\t\t\t\t\t\t\t\t<div class=\"elementor-element elementor-element-084cd71 elementor-view-default elementor-invisible elementor-widget elementor-widget-icon\" data-id=\"084cd71\" data-element_type=\"widget\" data-settings=\"{&quot;_animation&quot;:&quot;fadeIn&quot;}\" data-widget_type=\"icon.default\">\n\t\t\t\t<div class=\"elementor-widget-container\">\n\t\t\t\t\t<div class=\"elementor-icon-wrapper\">\n\t\t\t<div class=\"elementor-icon\">\n\t\t\t<svg xmlns=\"http:\/\/www.w3.org\/2000\/svg\" viewBox=\"0 0 50 50\"><title>icone-mecab-outline<\/title><polygon points=\"5 32 5 13 29 13 29 16 45 16 45 29 29 29 29 32 5 32\" style=\"fill:#fff\"\/><polyline points=\"37 45 37 33 45 35 45 45\" style=\"fill:#fff\"\/><path d=\"M46,15H30V12H4V22H2v1H4V33H30V30H46V23h2V22H46ZM28,30v1H6V23H8V22H6V14H28v8H18.625v1H28v7Zm16-2H30V23h1.375V22H30V17H44v5H42v1h2Z\" style=\"fill:#555\"\/><rect x=\"12.25\" y=\"22\" width=\"2.125\" height=\"1\" style=\"fill:#555\"\/><rect x=\"35.625\" y=\"22\" width=\"2.125\" height=\"1\" style=\"fill:#555\"\/><polygon points=\"36 45 38 45 38 34.281 44 35.781 44 45 46 45 46 34.219 36 31.719 36 45\" style=\"fill:#555\"\/><\/svg>\t\t\t<\/div>\n\t\t<\/div>\n\t\t\t\t<\/div>\n\t\t\t\t<\/div>\n\t\t\t\t<div class=\"elementor-element elementor-element-bdd1928 elementor-invisible elementor-widget elementor-widget-text-editor\" data-id=\"bdd1928\" data-element_type=\"widget\" data-settings=\"{&quot;_animation&quot;:&quot;linePerLine&quot;}\" data-widget_type=\"text-editor.default\">\n\t\t\t\t<div class=\"elementor-widget-container\">\n\t\t\t\t\t\t\t<h3>Verarbeitungszyklus<\/h3><p>Wir verf\u00fcgen \u00fcber ein komplettes Sortiment an Ger\u00e4ten und Instrumenten, die f\u00fcr die Bearbeitung von geometrisch komplexen Teilen und Baugruppen, Formen oder Werkzeugen geeignet sind.<\/p>\t\t\t\t\t\t<\/div>\n\t\t\t\t<\/div>\n\t\t\t\t\t<\/div>\n\t\t<\/div>\n\t\t\t\t<div class=\"elementor-column elementor-col-33 elementor-top-column elementor-element elementor-element-7364253\" data-id=\"7364253\" data-element_type=\"column\">\n\t\t\t<div class=\"elementor-widget-wrap elementor-element-populated\">\n\t\t\t\t\t\t\t\t<div class=\"elementor-element elementor-element-bba4d4c elementor-view-default elementor-invisible elementor-widget elementor-widget-icon\" data-id=\"bba4d4c\" data-element_type=\"widget\" data-settings=\"{&quot;_animation&quot;:&quot;fadeIn&quot;}\" data-widget_type=\"icon.default\">\n\t\t\t\t<div class=\"elementor-widget-container\">\n\t\t\t\t\t<div class=\"elementor-icon-wrapper\">\n\t\t\t<div class=\"elementor-icon\">\n\t\t\t<svg xmlns=\"http:\/\/www.w3.org\/2000\/svg\" viewBox=\"0 0 50 50\"><title>icone-mecab-outline<\/title><rect x=\"5.5\" y=\"5.5\" width=\"40\" height=\"40\" style=\"fill:#fff\"\/><circle cx=\"16\" cy=\"16\" r=\"7\" style=\"fill:#fff\"\/><circle cx=\"35\" cy=\"16\" r=\"7\" style=\"fill:#fff\"\/><circle cx=\"16\" cy=\"35\" r=\"7\" style=\"fill:#fff\"\/><path d=\"M4.5,4.5v42h42V4.5Zm40,40H6.5V6.5h38Z\" style=\"fill:#555\"\/><path d=\"M16,24a8,8,0,1,0-8-8A8,8,0,0,0,16,24Zm0-14a6,6,0,1,1-6,6A6.007,6.007,0,0,1,16,10Z\" style=\"fill:#555\"\/><path d=\"M35,24a8,8,0,1,0-8-8A8,8,0,0,0,35,24Zm0-14a6,6,0,1,1-6,6A6.007,6.007,0,0,1,35,10Z\" style=\"fill:#555\"\/><path d=\"M28.515,38.771l-.864.5A8.54,8.54,0,0,0,35,43.5h.016L35,42.5A7.535,7.535,0,0,1,28.515,38.771Z\" style=\"fill:#555\"\/><path d=\"M41.47,31.2l.861-.507A8.538,8.538,0,0,0,35,26.5h-.048l.048,1A7.538,7.538,0,0,1,41.47,31.2Z\" style=\"fill:#555\"\/><path d=\"M38.759,41.492l.5.865A8.534,8.534,0,0,0,43.5,35v-.063L42.5,35A7.533,7.533,0,0,1,38.759,41.492Z\" style=\"fill:#555\"\/><path d=\"M31.217,28.523l-.506-.863A8.539,8.539,0,0,0,26.5,35v.032l1-.032A7.536,7.536,0,0,1,31.217,28.523Z\" style=\"fill:#555\"\/><path d=\"M16,43a8,8,0,1,0-8-8A8,8,0,0,0,16,43Zm0-14a6,6,0,1,1-6,6A6.007,6.007,0,0,1,16,29Z\" style=\"fill:#555\"\/><polygon points=\"40 36 40 34 36 34 36 30 34 30 34 34 30 34 30 36 34 36 34 40 36 40 36 36 40 36\" style=\"fill:#555\"\/><\/svg>\t\t\t<\/div>\n\t\t<\/div>\n\t\t\t\t<\/div>\n\t\t\t\t<\/div>\n\t\t\t\t<div class=\"elementor-element elementor-element-6cb7b03 elementor-invisible elementor-widget elementor-widget-text-editor\" data-id=\"6cb7b03\" data-element_type=\"widget\" data-settings=\"{&quot;_animation&quot;:&quot;linePerLine&quot;}\" data-widget_type=\"text-editor.default\">\n\t\t\t\t<div class=\"elementor-widget-container\">\n\t\t\t\t\t\t\t<h3>Anzahl der St\u00fccke<\/h3><p>Wir sind in der Lage, unsere Produktionsanlage entsprechend der Nachfrage zu skalieren, so dass wir sowohl auf Prototypen- und Vorserienproduktion als auch auf kleine und mittlere Produktionsl\u00e4ufe effizient reagieren k\u00f6nnen.<\/p>\t\t\t\t\t\t<\/div>\n\t\t\t\t<\/div>\n\t\t\t\t\t<\/div>\n\t\t<\/div>\n\t\t\t\t<div class=\"elementor-column elementor-col-33 elementor-top-column elementor-element elementor-element-e7c38a8\" data-id=\"e7c38a8\" data-element_type=\"column\">\n\t\t\t<div class=\"elementor-widget-wrap elementor-element-populated\">\n\t\t\t\t\t\t\t\t<div class=\"elementor-element elementor-element-a9262db elementor-view-default elementor-invisible elementor-widget elementor-widget-icon\" data-id=\"a9262db\" data-element_type=\"widget\" data-settings=\"{&quot;_animation&quot;:&quot;fadeIn&quot;}\" data-widget_type=\"icon.default\">\n\t\t\t\t<div class=\"elementor-widget-container\">\n\t\t\t\t\t<div class=\"elementor-icon-wrapper\">\n\t\t\t<div class=\"elementor-icon\">\n\t\t\t<?xml version=\"1.0\" encoding=\"utf-8\"?>\n<!-- Generator: Adobe Illustrator 23.0.1, SVG Export Plug-In . SVG Version: 6.00 Build 0)  -->\n<svg version=\"1.1\" id=\"Livello_1\" xmlns=\"http:\/\/www.w3.org\/2000\/svg\" xmlns:xlink=\"http:\/\/www.w3.org\/1999\/xlink\" x=\"0px\" y=\"0px\"\n\t viewBox=\"0 0 50 50\" style=\"enable-background:new 0 0 50 50;\" xml:space=\"preserve\">\n<style type=\"text\/css\">\n\t.st0{fill:#555555;}\n<\/style>\n<title>icone-mecab-outline<\/title>\n<path class=\"st0\" d=\"M40.5,31.1c0.3,0,0.6-0.3,0.6-0.6c0-0.3-0.3-0.6-0.6-0.6c-0.3,0-0.6,0.3-0.6,0.6c0,0,0,0,0,0\n\tC39.9,30.9,40.2,31.1,40.5,31.1z\"\/>\n<path class=\"st0\" d=\"M37.6,34.1c0.3,0,0.6-0.3,0.6-0.6c0-0.3-0.3-0.6-0.6-0.6c-0.3,0-0.6,0.3-0.6,0.6c0,0,0,0,0,0\n\tC37,33.8,37.3,34.1,37.6,34.1C37.6,34.1,37.6,34.1,37.6,34.1z\"\/>\n<path class=\"st0\" d=\"M37.6,28.2c0.3,0,0.6-0.3,0.6-0.6c0-0.3-0.3-0.6-0.6-0.6S37,27.3,37,27.6c0,0,0,0,0,0\n\tC37,27.9,37.3,28.2,37.6,28.2C37.6,28.2,37.6,28.2,37.6,28.2z\"\/>\n<path class=\"st0\" d=\"M34.4,37c0.3,0,0.6-0.3,0.6-0.6c0-0.3-0.3-0.6-0.6-0.6c-0.3,0-0.6,0.3-0.6,0.6C33.8,36.7,34.1,37,34.4,37\n\tC34.4,37,34.4,37,34.4,37z\"\/>\n<path class=\"st0\" d=\"M28.5,35.8c-0.3,0-0.6,0.3-0.6,0.6c0,0.3,0.3,0.6,0.6,0.6c0.3,0,0.6-0.3,0.6-0.6C29.1,36.1,28.9,35.8,28.5,35.8\n\tC28.5,35.8,28.5,35.8,28.5,35.8z\"\/>\n<path class=\"st0\" d=\"M34.4,31.1c0.3,0,0.6-0.3,0.6-0.6s-0.3-0.6-0.6-0.6c-0.3,0-0.6,0.3-0.6,0.6C33.8,30.9,34.1,31.1,34.4,31.1\n\tL34.4,31.1z\"\/>\n<path class=\"st0\" d=\"M31.5,32.9c-0.3,0-0.6,0.3-0.6,0.6s0.3,0.6,0.6,0.6c0.3,0,0.6-0.3,0.6-0.6c0,0,0,0,0,0\n\tC32.1,33.2,31.8,32.9,31.5,32.9C31.5,32.9,31.5,32.9,31.5,32.9z\"\/>\n<path class=\"st0\" d=\"M28.5,41.9c-0.3,0-0.6,0.3-0.6,0.6c0,0.3,0.3,0.6,0.6,0.6c0.3,0,0.6-0.3,0.6-0.6C29.1,42.2,28.9,41.9,28.5,41.9\n\tC28.5,41.9,28.5,41.9,28.5,41.9z\"\/>\n<path class=\"st0\" d=\"M25.6,39c-0.3,0-0.6,0.3-0.6,0.6s0.3,0.6,0.6,0.6c0.3,0,0.6-0.3,0.6-0.6c0,0,0,0,0,0C26.2,39.3,25.9,39,25.6,39\n\tC25.6,39,25.6,39,25.6,39z\"\/>\n<path class=\"st0\" d=\"M31.5,39c-0.3,0-0.6,0.3-0.6,0.6s0.3,0.6,0.6,0.6c0.3,0,0.6-0.3,0.6-0.6c0,0,0,0,0,0C32.1,39.3,31.8,39,31.5,39\n\tC31.5,39,31.5,39,31.5,39z\"\/>\n<path class=\"st0\" d=\"M22.4,35.8c-0.3,0-0.6,0.3-0.6,0.6c0,0.3,0.3,0.6,0.6,0.6s0.6-0.3,0.6-0.6C23,36.1,22.7,35.8,22.4,35.8z\"\/>\n<path class=\"st0\" d=\"M16.5,35.8c-0.3,0-0.6,0.3-0.6,0.6c0,0.3,0.3,0.6,0.6,0.6c0.3,0,0.6-0.3,0.6-0.6C17.1,36.1,16.9,35.8,16.5,35.8\n\tC16.5,35.8,16.5,35.8,16.5,35.8z\"\/>\n<path class=\"st0\" d=\"M19.5,32.9c-0.3,0-0.6,0.3-0.6,0.6s0.3,0.6,0.6,0.6c0.3,0,0.6-0.3,0.6-0.6c0,0,0,0,0,0\n\tC20.1,33.2,19.8,32.9,19.5,32.9C19.5,32.9,19.5,32.9,19.5,32.9z\"\/>\n<path class=\"st0\" d=\"M22.4,41.9c-0.3,0-0.6,0.3-0.6,0.6c0,0.3,0.3,0.6,0.6,0.6s0.6-0.3,0.6-0.6C23,42.2,22.7,41.9,22.4,41.9z\"\/>\n<path class=\"st0\" d=\"M19.5,39c-0.3,0-0.6,0.3-0.6,0.6s0.3,0.6,0.6,0.6c0.3,0,0.6-0.3,0.6-0.6c0,0,0,0,0,0C20.1,39.3,19.8,39,19.5,39\n\tC19.5,39,19.5,39,19.5,39z\"\/>\n<path class=\"st0\" d=\"M26,4.6L26,4.6l-2-0.1v0.1C12.7,5.1,4,14.7,4.5,25.9c0.2,4.8,2.1,9.3,5.3,12.8l0,0l0.7,0.7l0.7,0.7l0,0\n\tc8.4,7.6,21.3,7,28.9-1.4c3.2-3.5,5.1-8.1,5.3-12.8h0.1v-2h-0.1C44.9,13.5,36.5,5.1,26,4.6z M43.5,24H32.9c-0.5-3.6-3.3-6.5-6.9-6.9\n\tV6.5C35.4,7,43,14.6,43.5,24z M19,25c0-3.3,2.7-6,6-6s6,2.7,6,6s-2.7,6-6,6C21.7,31,19,28.3,19,25L19,25z M6.5,25\n\tc0-9.8,7.7-17.9,17.5-18.5v10.5c-4.4,0.6-7.5,4.6-6.9,8.9c0.2,1.4,0.7,2.8,1.6,3.9l-7.4,7.5C8.2,34,6.5,29.6,6.5,25z M43.4,27\n\tc-0.3,0-0.5,0.3-0.5,0.7c0,0.2,0.2,0.4,0.3,0.4C41.5,38.2,32,45,21.9,43.2c-2.8-0.5-5.5-1.6-7.8-3.3c0.1-0.1,0.1-0.2,0.1-0.3\n\tc0-0.3-0.3-0.6-0.6-0.6c-0.2,0-0.3,0.1-0.4,0.2c-0.2-0.1-0.3-0.3-0.5-0.4l7.4-7.5c1.4,1.1,3.1,1.7,4.9,1.7c0.1,0,0.2,0,0.3,0\n\tc-0.2,0.1-0.3,0.3-0.3,0.5c0,0.3,0.3,0.6,0.6,0.6c0.3,0,0.6-0.3,0.6-0.6c0-0.2-0.1-0.4-0.3-0.5c3.7-0.4,6.6-3.3,7.1-7h10.5\n\tC43.5,26.3,43.4,26.7,43.4,27z\"\/>\n<\/svg>\n\t\t\t<\/div>\n\t\t<\/div>\n\t\t\t\t<\/div>\n\t\t\t\t<\/div>\n\t\t\t\t<div class=\"elementor-element elementor-element-6b8af29 elementor-invisible elementor-widget elementor-widget-text-editor\" data-id=\"6b8af29\" data-element_type=\"widget\" data-settings=\"{&quot;_animation&quot;:&quot;linePerLine&quot;}\" data-widget_type=\"text-editor.default\">\n\t\t\t\t<div class=\"elementor-widget-container\">\n\t\t\t\t\t\t\t<h3>Verschiedene Materialien<\/h3><p>Dank unseres eigenen Maschinenparks und der Probleml\u00f6sungskompetenz unseres Teams<br \/>von Fachleuten sind wir in der Lage, Fertigteile aus einer Vielzahl von Materialien zu bearbeiten und herzustellen, von Metalllegierungen bis hin zu Kunststoffen.<\/p>\t\t\t\t\t\t<\/div>\n\t\t\t\t<\/div>\n\t\t\t\t\t<\/div>\n\t\t<\/div>\n\t\t\t\t\t\t\t<\/div>\n\t\t<\/section>\n\t\t\t\t<section class=\"elementor-section elementor-top-section elementor-element elementor-element-b68c94b elementor-section-stretched elementor-section-content-middle elementor-section-boxed elementor-section-height-default elementor-section-height-default\" data-id=\"b68c94b\" data-element_type=\"section\" data-settings=\"{&quot;stretch_section&quot;:&quot;section-stretched&quot;,&quot;background_background&quot;:&quot;classic&quot;}\">\n\t\t\t\t\t\t\t<div class=\"elementor-background-overlay\"><\/div>\n\t\t\t\t\t\t\t<div class=\"elementor-container elementor-column-gap-default\">\n\t\t\t\t\t<div class=\"elementor-column elementor-col-66 elementor-top-column elementor-element elementor-element-b9ad0b3\" data-id=\"b9ad0b3\" data-element_type=\"column\">\n\t\t\t<div class=\"elementor-widget-wrap elementor-element-populated\">\n\t\t\t\t\t\t\t\t<div class=\"elementor-element elementor-element-065f822 measure elementor-invisible elementor-widget elementor-widget-text-editor\" data-id=\"065f822\" data-element_type=\"widget\" data-settings=\"{&quot;_animation&quot;:&quot;linePerLine&quot;}\" data-widget_type=\"text-editor.default\">\n\t\t\t\t<div class=\"elementor-widget-container\">\n\t\t\t\t\t\t\t<h2>Qualit\u00e4tskontrolle \u00fcber die Normen hinaus<\/h2><p>Wir garantieren eine Verarbeitung, die stets perfekt mit dem urspr\u00fcnglichen Entwurf \u00fcbereinstimmt: Neben der Zertifizierung nach ISO 9001, der Norm f\u00fcr die Herstellung mechanischer Teile, kann die Struktur unserer Produktionsabteilung problemlos an die spezifischen Anforderungen der Branche angepasst werden, um h\u00f6here Qualit\u00e4tsparameter der Produkte zu gew\u00e4hrleisten.<\/p>\t\t\t\t\t\t<\/div>\n\t\t\t\t<\/div>\n\t\t\t\t<div class=\"elementor-element elementor-element-28e1c95 elementor-icon-list--layout-inline elementor-list-item-link-full_width elementor-widget elementor-widget-icon-list\" data-id=\"28e1c95\" data-element_type=\"widget\" data-widget_type=\"icon-list.default\">\n\t\t\t\t<div class=\"elementor-widget-container\">\n\t\t\t<link rel=\"stylesheet\" href=\"https:\/\/mecab.eu\/wp-content\/plugins\/elementor\/assets\/css\/widget-icon-list.min.css\">\t\t<ul class=\"elementor-icon-list-items elementor-inline-items\">\n\t\t\t\t\t\t\t<li class=\"elementor-icon-list-item elementor-inline-item\">\n\t\t\t\t\t\t\t\t\t\t\t<a href=\"https:\/\/mecab.eu\/wp-content\/uploads\/2023\/05\/05M01B-0-Politica-per-la-Qualita-2021-01-18.pdf\">\n\n\t\t\t\t\t\t\t\t\t\t\t\t<span class=\"elementor-icon-list-icon\">\n\t\t\t\t\t\t\t<i aria-hidden=\"true\" class=\"fas fa-file-pdf\"><\/i>\t\t\t\t\t\t<\/span>\n\t\t\t\t\t\t\t\t\t\t<span class=\"elementor-icon-list-text\">Qualit\u00e4tsrichtlinie (IT)<\/span>\n\t\t\t\t\t\t\t\t\t\t\t<\/a>\n\t\t\t\t\t\t\t\t\t<\/li>\n\t\t\t\t\t\t\t\t<li class=\"elementor-icon-list-item elementor-inline-item\">\n\t\t\t\t\t\t\t\t\t\t\t<a href=\"https:\/\/mecab.eu\/wp-content\/uploads\/2023\/05\/Mecab-certificato-ISO9001.pdf\">\n\n\t\t\t\t\t\t\t\t\t\t\t\t<span class=\"elementor-icon-list-icon\">\n\t\t\t\t\t\t\t<i aria-hidden=\"true\" class=\"fas fa-file-pdf\"><\/i>\t\t\t\t\t\t<\/span>\n\t\t\t\t\t\t\t\t\t\t<span class=\"elementor-icon-list-text\">ISO 9001:2015-Zertifizierung<\/span>\n\t\t\t\t\t\t\t\t\t\t\t<\/a>\n\t\t\t\t\t\t\t\t\t<\/li>\n\t\t\t\t\t\t<\/ul>\n\t\t\t\t<\/div>\n\t\t\t\t<\/div>\n\t\t\t\t\t<\/div>\n\t\t<\/div>\n\t\t\t\t<div class=\"elementor-column elementor-col-33 elementor-top-column elementor-element elementor-element-68f0626\" data-id=\"68f0626\" data-element_type=\"column\">\n\t\t\t<div class=\"elementor-widget-wrap elementor-element-populated\">\n\t\t\t\t\t\t\t\t<div class=\"elementor-element elementor-element-b00b266 elementor-widget elementor-widget-image\" data-id=\"b00b266\" data-element_type=\"widget\" data-widget_type=\"image.default\">\n\t\t\t\t<div class=\"elementor-widget-container\">\n\t\t\t\t\t\t\t\t\t\t\t\t\t\t\t<img loading=\"lazy\" decoding=\"async\" width=\"150\" height=\"150\" src=\"https:\/\/mecab.eu\/wp-content\/uploads\/2023\/03\/tuv-sud-logo.png\" class=\"attachment-large size-large wp-image-311\" alt=\"\" \/>\t\t\t\t\t\t\t\t\t\t\t\t\t\t\t<\/div>\n\t\t\t\t<\/div>\n\t\t\t\t\t<\/div>\n\t\t<\/div>\n\t\t\t\t\t\t\t<\/div>\n\t\t<\/section>\n\t\t\t\t\t\t\t<\/div>\n\t\t","protected":false},"excerpt":{"rendered":"<p>Unser Unternehmen besteht seit 1997 und besch\u00e4ftigt sich mit der Herstellung von mechanischen Teilen f\u00fcr Dritte. Wir haben uns auf die CNC-Bearbeitung f\u00fcr die Herstellung von Prototypen und kleinen und mittleren Serien spezialisiert. Im Laufe der Jahre haben wir Erfahrungen in vielen verschiedenen Bereichen gesammelt, in denen Dreh- und Fr\u00e4sbearbeitungen (und andere) erforderlich sind: Dies [&hellip;]<\/p>\n","protected":false},"author":1,"featured_media":0,"parent":0,"menu_order":0,"comment_status":"closed","ping_status":"closed","template":"","meta":{"_locale":"de_DE","_original_post":"https:\/\/mecab.eu\/?page_id=10","footnotes":""},"class_list":["post-627","page","type-page","status-publish","hentry","de-DE"],"_links":{"self":[{"href":"https:\/\/mecab.eu\/wp-json\/wp\/v2\/pages\/627","targetHints":{"allow":["GET"]}}],"collection":[{"href":"https:\/\/mecab.eu\/wp-json\/wp\/v2\/pages"}],"about":[{"href":"https:\/\/mecab.eu\/wp-json\/wp\/v2\/types\/page"}],"author":[{"embeddable":true,"href":"https:\/\/mecab.eu\/wp-json\/wp\/v2\/users\/1"}],"replies":[{"embeddable":true,"href":"https:\/\/mecab.eu\/wp-json\/wp\/v2\/comments?post=627"}],"version-history":[{"count":4,"href":"https:\/\/mecab.eu\/wp-json\/wp\/v2\/pages\/627\/revisions"}],"predecessor-version":[{"id":631,"href":"https:\/\/mecab.eu\/wp-json\/wp\/v2\/pages\/627\/revisions\/631"}],"wp:attachment":[{"href":"https:\/\/mecab.eu\/wp-json\/wp\/v2\/media?parent=627"}],"curies":[{"name":"wp","href":"https:\/\/api.w.org\/{rel}","templated":true}]}}