{"id":632,"date":"2023-07-11T15:25:31","date_gmt":"2023-07-11T13:25:31","guid":{"rendered":"https:\/\/mecab.eu\/?page_id=632"},"modified":"2023-07-11T15:31:50","modified_gmt":"2023-07-11T13:31:50","slug":"produktion","status":"publish","type":"page","link":"https:\/\/mecab.eu\/de\/produktion\/","title":{"rendered":"Produktion"},"content":{"rendered":"\t\t<div data-elementor-type=\"wp-page\" data-elementor-id=\"632\" class=\"elementor elementor-632\">\n\t\t\t\t\t\t\t\t\t<section class=\"elementor-section elementor-top-section elementor-element elementor-element-fc29d8a elementor-section-boxed elementor-section-height-default elementor-section-height-default\" data-id=\"fc29d8a\" data-element_type=\"section\">\n\t\t\t\t\t\t<div class=\"elementor-container elementor-column-gap-wide\">\n\t\t\t\t\t<div class=\"elementor-column elementor-col-50 elementor-top-column elementor-element elementor-element-f4ab9ab\" data-id=\"f4ab9ab\" data-element_type=\"column\">\n\t\t\t<div class=\"elementor-widget-wrap elementor-element-populated\">\n\t\t\t\t\t\t\t\t<section class=\"elementor-section elementor-inner-section elementor-element elementor-element-6fd39a2 elementor-section-boxed elementor-section-height-default elementor-section-height-default\" data-id=\"6fd39a2\" data-element_type=\"section\">\n\t\t\t\t\t\t<div class=\"elementor-container elementor-column-gap-default\">\n\t\t\t\t\t<div class=\"elementor-column elementor-col-100 elementor-inner-column elementor-element elementor-element-f6443ea\" data-id=\"f6443ea\" data-element_type=\"column\">\n\t\t\t<div class=\"elementor-widget-wrap elementor-element-populated\">\n\t\t\t\t\t\t\t\t<div class=\"elementor-element elementor-element-5366a57 elementor-invisible elementor-widget elementor-widget-text-editor\" data-id=\"5366a57\" data-element_type=\"widget\" data-settings=\"{&quot;_animation&quot;:&quot;linePerLine&quot;}\" data-widget_type=\"text-editor.default\">\n\t\t\t\t<div class=\"elementor-widget-container\">\n\t\t\t<style>\/*! elementor - v3.10.2 - 29-01-2023 *\/\n.elementor-widget-text-editor.elementor-drop-cap-view-stacked .elementor-drop-cap{background-color:#818a91;color:#fff}.elementor-widget-text-editor.elementor-drop-cap-view-framed .elementor-drop-cap{color:#818a91;border:3px solid;background-color:transparent}.elementor-widget-text-editor:not(.elementor-drop-cap-view-default) .elementor-drop-cap{margin-top:8px}.elementor-widget-text-editor:not(.elementor-drop-cap-view-default) .elementor-drop-cap-letter{width:1em;height:1em}.elementor-widget-text-editor .elementor-drop-cap{float:left;text-align:center;line-height:1;font-size:50px}.elementor-widget-text-editor .elementor-drop-cap-letter{display:inline-block}<\/style>\t\t\t\t<h2>CNC-Drehen<\/h2><p>Zur Herstellung von zylindrischen Teilen verschiedener Gr\u00f6\u00dfen, wie z.B. Stifte, Antriebswellen, mit Abmessungen bis zu 47\u00d71280 mm.<br \/><br \/><\/p>\t\t\t\t\t\t<\/div>\n\t\t\t\t<\/div>\n\t\t\t\t<div class=\"elementor-element elementor-element-eaa55a5 elementor-widget elementor-widget-image\" data-id=\"eaa55a5\" data-element_type=\"widget\" data-widget_type=\"image.default\">\n\t\t\t\t<div class=\"elementor-widget-container\">\n\t\t\t<style>\/*! elementor - v3.10.2 - 29-01-2023 *\/\n.elementor-widget-image{text-align:center}.elementor-widget-image a{display:inline-block}.elementor-widget-image a img[src$=\".svg\"]{width:48px}.elementor-widget-image img{vertical-align:middle;display:inline-block}<\/style>\t\t\t\t\t\t\t\t\t\t\t\t<img loading=\"lazy\" decoding=\"async\" width=\"819\" height=\"1024\" src=\"https:\/\/mecab.eu\/wp-content\/uploads\/2023\/03\/tornitura-819x1024.jpg\" class=\"attachment-large size-large wp-image-265\" alt=\"\" srcset=\"https:\/\/mecab.eu\/wp-content\/uploads\/2023\/03\/tornitura-819x1024.jpg 819w, https:\/\/mecab.eu\/wp-content\/uploads\/2023\/03\/tornitura-240x300.jpg 240w, https:\/\/mecab.eu\/wp-content\/uploads\/2023\/03\/tornitura-768x960.jpg 768w, https:\/\/mecab.eu\/wp-content\/uploads\/2023\/03\/tornitura-1229x1536.jpg 1229w, https:\/\/mecab.eu\/wp-content\/uploads\/2023\/03\/tornitura.jpg 1536w\" sizes=\"auto, (max-width: 819px) 100vw, 819px\" \/>\t\t\t\t\t\t\t\t\t\t\t\t\t\t\t<\/div>\n\t\t\t\t<\/div>\n\t\t\t\t\t<\/div>\n\t\t<\/div>\n\t\t\t\t\t\t\t<\/div>\n\t\t<\/section>\n\t\t\t\t\t<\/div>\n\t\t<\/div>\n\t\t\t\t<div class=\"elementor-column elementor-col-50 elementor-top-column elementor-element elementor-element-7641990\" data-id=\"7641990\" data-element_type=\"column\">\n\t\t\t<div class=\"elementor-widget-wrap elementor-element-populated\">\n\t\t\t\t\t\t\t\t<section class=\"elementor-section elementor-inner-section elementor-element elementor-element-c387171 elementor-section-boxed elementor-section-height-default elementor-section-height-default\" data-id=\"c387171\" data-element_type=\"section\">\n\t\t\t\t\t\t<div class=\"elementor-container elementor-column-gap-default\">\n\t\t\t\t\t<div class=\"elementor-column elementor-col-100 elementor-inner-column elementor-element elementor-element-cc4f1b3\" data-id=\"cc4f1b3\" data-element_type=\"column\">\n\t\t\t<div class=\"elementor-widget-wrap elementor-element-populated\">\n\t\t\t\t\t\t\t\t<div class=\"elementor-element elementor-element-f627530 elementor-invisible elementor-widget elementor-widget-text-editor\" data-id=\"f627530\" data-element_type=\"widget\" data-settings=\"{&quot;_animation&quot;:&quot;linePerLine&quot;}\" data-widget_type=\"text-editor.default\">\n\t\t\t\t<div class=\"elementor-widget-container\">\n\t\t\t\t\t\t\t<h2>CNC-Fr\u00e4sen<\/h2><p>Es bietet die M\u00f6glichkeit, Teile mit komplexer Geometrie zu erstellen, wie z. B. Verbindungsflansche, Formen, geformte Platten f\u00fcr Ger\u00e4te.<\/p>\t\t\t\t\t\t<\/div>\n\t\t\t\t<\/div>\n\t\t\t\t<div class=\"elementor-element elementor-element-4aec798 elementor-widget elementor-widget-image\" data-id=\"4aec798\" data-element_type=\"widget\" data-widget_type=\"image.default\">\n\t\t\t\t<div class=\"elementor-widget-container\">\n\t\t\t\t\t\t\t\t\t\t\t\t\t\t\t<img loading=\"lazy\" decoding=\"async\" width=\"819\" height=\"1024\" src=\"https:\/\/mecab.eu\/wp-content\/uploads\/2023\/03\/fresatura-819x1024.jpg\" class=\"attachment-large size-large wp-image-259\" alt=\"\" srcset=\"https:\/\/mecab.eu\/wp-content\/uploads\/2023\/03\/fresatura-819x1024.jpg 819w, https:\/\/mecab.eu\/wp-content\/uploads\/2023\/03\/fresatura-240x300.jpg 240w, https:\/\/mecab.eu\/wp-content\/uploads\/2023\/03\/fresatura-768x961.jpg 768w, https:\/\/mecab.eu\/wp-content\/uploads\/2023\/03\/fresatura.jpg 1024w\" sizes=\"auto, (max-width: 819px) 100vw, 819px\" \/>\t\t\t\t\t\t\t\t\t\t\t\t\t\t\t<\/div>\n\t\t\t\t<\/div>\n\t\t\t\t\t<\/div>\n\t\t<\/div>\n\t\t\t\t\t\t\t<\/div>\n\t\t<\/section>\n\t\t\t\t\t<\/div>\n\t\t<\/div>\n\t\t\t\t\t\t\t<\/div>\n\t\t<\/section>\n\t\t\t\t<section class=\"elementor-section elementor-top-section elementor-element elementor-element-43c7903 elementor-section-boxed elementor-section-height-default elementor-section-height-default\" data-id=\"43c7903\" data-element_type=\"section\">\n\t\t\t\t\t\t<div class=\"elementor-container elementor-column-gap-wide\">\n\t\t\t\t\t<div class=\"elementor-column elementor-col-33 elementor-top-column elementor-element elementor-element-4ff1b4a\" data-id=\"4ff1b4a\" data-element_type=\"column\">\n\t\t\t<div class=\"elementor-widget-wrap elementor-element-populated\">\n\t\t\t\t\t\t\t\t<section class=\"elementor-section elementor-inner-section elementor-element elementor-element-644b1ad elementor-section-boxed elementor-section-height-default elementor-section-height-default\" data-id=\"644b1ad\" data-element_type=\"section\">\n\t\t\t\t\t\t<div class=\"elementor-container elementor-column-gap-default\">\n\t\t\t\t\t<div class=\"elementor-column elementor-col-100 elementor-inner-column elementor-element elementor-element-4368e2d\" data-id=\"4368e2d\" data-element_type=\"column\">\n\t\t\t<div class=\"elementor-widget-wrap elementor-element-populated\">\n\t\t\t\t\t\t\t\t<div class=\"elementor-element elementor-element-64595bf elementor-invisible elementor-widget elementor-widget-text-editor\" data-id=\"64595bf\" data-element_type=\"widget\" data-settings=\"{&quot;_animation&quot;:&quot;linePerLine&quot;}\" data-widget_type=\"text-editor.default\">\n\t\t\t\t<div class=\"elementor-widget-container\">\n\t\t\t\t\t\t\t<h2>Elektroerosion<\/h2><p>Die Senkerodier- und Drahterodierstationen erm\u00f6glichen die Herstellung komplexer Geometrien und gegliederter Profile mit einem hohen Genauigkeitsgrad.<\/p>\t\t\t\t\t\t<\/div>\n\t\t\t\t<\/div>\n\t\t\t\t\t<\/div>\n\t\t<\/div>\n\t\t\t\t\t\t\t<\/div>\n\t\t<\/section>\n\t\t\t\t<div class=\"elementor-element elementor-element-54b2b6e elementor-widget elementor-widget-image\" data-id=\"54b2b6e\" data-element_type=\"widget\" data-widget_type=\"image.default\">\n\t\t\t\t<div class=\"elementor-widget-container\">\n\t\t\t\t\t\t\t\t\t\t\t\t\t\t\t<img loading=\"lazy\" decoding=\"async\" width=\"819\" height=\"1024\" src=\"https:\/\/mecab.eu\/wp-content\/uploads\/2023\/03\/elettroerosione-819x1024.jpg\" class=\"attachment-large size-large wp-image-258\" alt=\"\" srcset=\"https:\/\/mecab.eu\/wp-content\/uploads\/2023\/03\/elettroerosione-819x1024.jpg 819w, https:\/\/mecab.eu\/wp-content\/uploads\/2023\/03\/elettroerosione-240x300.jpg 240w, https:\/\/mecab.eu\/wp-content\/uploads\/2023\/03\/elettroerosione-768x960.jpg 768w, https:\/\/mecab.eu\/wp-content\/uploads\/2023\/03\/elettroerosione.jpg 1025w\" sizes=\"auto, (max-width: 819px) 100vw, 819px\" \/>\t\t\t\t\t\t\t\t\t\t\t\t\t\t\t<\/div>\n\t\t\t\t<\/div>\n\t\t\t\t\t<\/div>\n\t\t<\/div>\n\t\t\t\t<div class=\"elementor-column elementor-col-33 elementor-top-column elementor-element elementor-element-11726bc\" data-id=\"11726bc\" data-element_type=\"column\">\n\t\t\t<div class=\"elementor-widget-wrap elementor-element-populated\">\n\t\t\t\t\t\t\t\t<section class=\"elementor-section elementor-inner-section elementor-element elementor-element-1ff456d elementor-section-boxed elementor-section-height-default elementor-section-height-default\" data-id=\"1ff456d\" data-element_type=\"section\">\n\t\t\t\t\t\t<div class=\"elementor-container elementor-column-gap-default\">\n\t\t\t\t\t<div class=\"elementor-column elementor-col-100 elementor-inner-column elementor-element elementor-element-87ebd31\" data-id=\"87ebd31\" data-element_type=\"column\">\n\t\t\t<div class=\"elementor-widget-wrap elementor-element-populated\">\n\t\t\t\t\t\t\t\t<div class=\"elementor-element elementor-element-b48193b elementor-invisible elementor-widget elementor-widget-text-editor\" data-id=\"b48193b\" data-element_type=\"widget\" data-settings=\"{&quot;_animation&quot;:&quot;linePerLine&quot;}\" data-widget_type=\"text-editor.default\">\n\t\t\t\t<div class=\"elementor-widget-container\">\n\t\t\t\t\t\t\t<h2>Qualit\u00e4tskontrolle<\/h2><p>Der klimatisierte Messraum und die Koordinatenmessger\u00e4te garantieren die Qualit\u00e4t und Ma\u00dfhaltigkeit der hergestellten Teile.<br \/><br \/><\/p>\t\t\t\t\t\t<\/div>\n\t\t\t\t<\/div>\n\t\t\t\t\t<\/div>\n\t\t<\/div>\n\t\t\t\t\t\t\t<\/div>\n\t\t<\/section>\n\t\t\t\t<div class=\"elementor-element elementor-element-ec3afce elementor-widget elementor-widget-image\" data-id=\"ec3afce\" data-element_type=\"widget\" data-widget_type=\"image.default\">\n\t\t\t\t<div class=\"elementor-widget-container\">\n\t\t\t\t\t\t\t\t\t\t\t\t\t\t\t<img loading=\"lazy\" decoding=\"async\" width=\"819\" height=\"1024\" src=\"https:\/\/mecab.eu\/wp-content\/uploads\/2023\/03\/stazione-di-misurazione-819x1024.jpg\" class=\"attachment-large size-large wp-image-261\" alt=\"\" srcset=\"https:\/\/mecab.eu\/wp-content\/uploads\/2023\/03\/stazione-di-misurazione-819x1024.jpg 819w, https:\/\/mecab.eu\/wp-content\/uploads\/2023\/03\/stazione-di-misurazione-240x300.jpg 240w, https:\/\/mecab.eu\/wp-content\/uploads\/2023\/03\/stazione-di-misurazione-768x960.jpg 768w, https:\/\/mecab.eu\/wp-content\/uploads\/2023\/03\/stazione-di-misurazione-1229x1536.jpg 1229w, https:\/\/mecab.eu\/wp-content\/uploads\/2023\/03\/stazione-di-misurazione.jpg 1281w\" sizes=\"auto, (max-width: 819px) 100vw, 819px\" \/>\t\t\t\t\t\t\t\t\t\t\t\t\t\t\t<\/div>\n\t\t\t\t<\/div>\n\t\t\t\t\t<\/div>\n\t\t<\/div>\n\t\t\t\t<div class=\"elementor-column elementor-col-33 elementor-top-column elementor-element elementor-element-341e41e\" data-id=\"341e41e\" data-element_type=\"column\">\n\t\t\t<div class=\"elementor-widget-wrap elementor-element-populated\">\n\t\t\t\t\t\t\t\t<section class=\"elementor-section elementor-inner-section elementor-element elementor-element-1232fea elementor-section-boxed elementor-section-height-default elementor-section-height-default\" data-id=\"1232fea\" data-element_type=\"section\">\n\t\t\t\t\t\t<div class=\"elementor-container elementor-column-gap-default\">\n\t\t\t\t\t<div class=\"elementor-column elementor-col-100 elementor-inner-column elementor-element elementor-element-b4c1892\" data-id=\"b4c1892\" data-element_type=\"column\" data-settings=\"{&quot;background_background&quot;:&quot;classic&quot;}\">\n\t\t\t<div class=\"elementor-widget-wrap elementor-element-populated\">\n\t\t\t\t\t\t\t\t<div class=\"elementor-element elementor-element-93c8f1d elementor-invisible elementor-widget elementor-widget-text-editor\" data-id=\"93c8f1d\" data-element_type=\"widget\" data-settings=\"{&quot;_animation&quot;:&quot;linePerLine&quot;}\" data-widget_type=\"text-editor.default\">\n\t\t\t\t<div class=\"elementor-widget-container\">\n\t\t\t\t\t\t\t<h2>Komplement\u00e4re Arbeit<\/h2><p>Andere verf\u00fcgbare Verfahren, wie Sandstrahlen oder Schleifen, erm\u00f6glichen es uns, jeden Bearbeitungszyklus abzuschlie\u00dfen.<br \/><br \/><\/p>\t\t\t\t\t\t<\/div>\n\t\t\t\t<\/div>\n\t\t\t\t\t<\/div>\n\t\t<\/div>\n\t\t\t\t\t\t\t<\/div>\n\t\t<\/section>\n\t\t\t\t<div class=\"elementor-element elementor-element-cc315ed elementor-widget elementor-widget-image\" data-id=\"cc315ed\" data-element_type=\"widget\" data-widget_type=\"image.default\">\n\t\t\t\t<div class=\"elementor-widget-container\">\n\t\t\t\t\t\t\t\t\t\t\t\t\t\t\t<img loading=\"lazy\" decoding=\"async\" width=\"819\" height=\"1024\" src=\"https:\/\/mecab.eu\/wp-content\/uploads\/2023\/03\/lavorazioni-particolari-819x1024.jpg\" class=\"attachment-large size-large wp-image-260\" alt=\"\" srcset=\"https:\/\/mecab.eu\/wp-content\/uploads\/2023\/03\/lavorazioni-particolari-819x1024.jpg 819w, https:\/\/mecab.eu\/wp-content\/uploads\/2023\/03\/lavorazioni-particolari-240x300.jpg 240w, https:\/\/mecab.eu\/wp-content\/uploads\/2023\/03\/lavorazioni-particolari-768x961.jpg 768w, https:\/\/mecab.eu\/wp-content\/uploads\/2023\/03\/lavorazioni-particolari.jpg 1024w\" sizes=\"auto, (max-width: 819px) 100vw, 819px\" \/>\t\t\t\t\t\t\t\t\t\t\t\t\t\t\t<\/div>\n\t\t\t\t<\/div>\n\t\t\t\t\t<\/div>\n\t\t<\/div>\n\t\t\t\t\t\t\t<\/div>\n\t\t<\/section>\n\t\t\t\t<section class=\"elementor-section elementor-top-section elementor-element elementor-element-5b8b824 elementor-section-boxed elementor-section-height-default elementor-section-height-default\" data-id=\"5b8b824\" data-element_type=\"section\">\n\t\t\t\t\t\t<div class=\"elementor-container elementor-column-gap-default\">\n\t\t\t\t\t<div class=\"elementor-column elementor-col-100 elementor-top-column elementor-element elementor-element-92c0b01\" data-id=\"92c0b01\" data-element_type=\"column\">\n\t\t\t<div class=\"elementor-widget-wrap elementor-element-populated\">\n\t\t\t\t\t\t\t\t<div class=\"elementor-element elementor-element-da348a2 measure elementor-invisible elementor-widget elementor-widget-text-editor\" data-id=\"da348a2\" data-element_type=\"widget\" data-settings=\"{&quot;_animation&quot;:&quot;linePerLine&quot;}\" data-widget_type=\"text-editor.default\">\n\t\t\t\t<div class=\"elementor-widget-container\">\n\t\t\t\t\t\t\t<h2>Multisektorale Anpassungsf\u00e4higkeit<\/h2><p>Wir nehmen jede Herausforderung mit Begeisterung an und verpflichten uns, sie unter Einhaltung strenger Qualit\u00e4ts- und Pr\u00e4zisionskontrollen so effizient wie m\u00f6glich zu erledigen.<\/p><p>Jedes neue Projekt ist eine Gelegenheit, unser Wissen zu erweitern und eine neue Herausforderung anzunehmen. Wir sind in der Lage, unser Arbeitssystem dynamisch anzupassen, um den Bed\u00fcrfnissen der unterschiedlichsten Sektoren gerecht zu werden und Teile f\u00fcr verschiedene Bereiche herzustellen.<\/p>\t\t\t\t\t\t<\/div>\n\t\t\t\t<\/div>\n\t\t\t\t<div class=\"elementor-element elementor-element-df187b2 fields-section elementor-widget elementor-widget-text-editor\" data-id=\"df187b2\" data-element_type=\"widget\" data-widget_type=\"text-editor.default\">\n\t\t\t\t<div class=\"elementor-widget-container\">\n\t\t\t\t\t\t\t<ul><li>Produktionsmittel<\/li><li>Blech-, Kunststoffspritzguss- oder Schalenformen f\u00fcr Aluminiumgussst\u00fccke<\/li><\/ul>\t\t\t\t\t\t<\/div>\n\t\t\t\t<\/div>\n\t\t\t\t<div class=\"elementor-element elementor-element-1d22eed fields-section elementor-widget elementor-widget-text-editor\" data-id=\"1d22eed\" data-element_type=\"widget\" data-widget_type=\"text-editor.default\">\n\t\t\t\t<div class=\"elementor-widget-container\">\n\t\t\t\t\t\t\t<ul><li>Komponenten f\u00fcr Umschlaganlagen<\/li><li>Eisenbahnausr\u00fcstung Teile f\u00fcr die \u00d6lindustrie<\/li><\/ul>\t\t\t\t\t\t<\/div>\n\t\t\t\t<\/div>\n\t\t\t\t<div class=\"elementor-element elementor-element-a5ac6f4 fields-section elementor-widget elementor-widget-text-editor\" data-id=\"a5ac6f4\" data-element_type=\"widget\" data-widget_type=\"text-editor.default\">\n\t\t\t\t<div class=\"elementor-widget-container\">\n\t\t\t\t\t\t\t<ul><li>Komponenten und Baugruppen f\u00fcr die Automatisierung<\/li><li>Komponenten f\u00fcr die Mechanisierung der Landwirtschaft<\/li><\/ul>\t\t\t\t\t\t<\/div>\n\t\t\t\t<\/div>\n\t\t\t\t<div class=\"elementor-element elementor-element-9060d8e fields-section elementor-widget elementor-widget-text-editor\" data-id=\"9060d8e\" data-element_type=\"widget\" data-widget_type=\"text-editor.default\">\n\t\t\t\t<div class=\"elementor-widget-container\">\n\t\t\t\t\t\t\t<ul><li>Teile f\u00fcr die lebensmittelverarbeitende Industrie und medizinische<\/li><li>Ger\u00e4te Spezialverfahren f\u00fcr die Automobilindustrie<\/li><\/ul>\t\t\t\t\t\t<\/div>\n\t\t\t\t<\/div>\n\t\t\t\t\t<\/div>\n\t\t<\/div>\n\t\t\t\t\t\t\t<\/div>\n\t\t<\/section>\n\t\t\t\t<section class=\"elementor-section elementor-top-section elementor-element elementor-element-90835a8 elementor-section-content-middle elementor-section-boxed elementor-section-height-default elementor-section-height-default\" data-id=\"90835a8\" data-element_type=\"section\">\n\t\t\t\t\t\t<div class=\"elementor-container elementor-column-gap-extended\">\n\t\t\t\t\t<div class=\"elementor-column elementor-col-50 elementor-top-column elementor-element elementor-element-031c390\" data-id=\"031c390\" data-element_type=\"column\">\n\t\t\t<div class=\"elementor-widget-wrap elementor-element-populated\">\n\t\t\t\t\t\t\t\t<div class=\"elementor-element elementor-element-51bb8b8 measure elementor-invisible elementor-widget elementor-widget-text-editor\" data-id=\"51bb8b8\" data-element_type=\"widget\" data-settings=\"{&quot;_animation&quot;:&quot;linePerLine&quot;}\" data-widget_type=\"text-editor.default\">\n\t\t\t\t<div class=\"elementor-widget-container\">\n\t\t\t\t\t\t\t<h2>Technologien im Dienste<br \/>der Industrie 4.0<\/h2><p>Unsere Produktionsabteilung besteht aus einem Netzwerk miteinander verbundener Maschinen. Dank dieser hochgradig koh\u00e4siven Struktur sind wir in der Lage, jeden Prozess in jeder Hinsicht einer zentralen Verwaltung und Kontrolle zu unterwerfen.<\/p><p>Mit Hilfe von Werkzeugen und Software, die den Grunds\u00e4tzen von Industrie 4.0 entsprechen, k\u00f6nnen wir jeden Bearbeitungszyklus bis ins Detail planen. Dar\u00fcber hinaus erm\u00f6glicht uns die zentralisierte und vernetzte Verwaltung der Maschinen, den Produktionsstatus und die Lieferzeiten jedes Auftrags jederzeit unter Kontrolle zu halten, um die Ausfallzeiten zu reduzieren und die Verwaltung des laufenden Auftrags zu verbessern und Ineffizienzen zu minimieren.<\/p><p>Die automatisierte Kontrolle, die sowohl p\u00fcnktlich als auch allgemein ist, erm\u00f6glicht es uns schlie\u00dflich, jedem unserer Kunden jederzeit einen aktuellen Bericht \u00fcber die Bearbeitungs- und Produktionszeiten zukommen zu lassen.<\/p>\t\t\t\t\t\t<\/div>\n\t\t\t\t<\/div>\n\t\t\t\t\t<\/div>\n\t\t<\/div>\n\t\t\t\t<div class=\"elementor-column elementor-col-50 elementor-top-column elementor-element elementor-element-ba3d0c7\" data-id=\"ba3d0c7\" data-element_type=\"column\">\n\t\t\t<div class=\"elementor-widget-wrap elementor-element-populated\">\n\t\t\t\t\t\t\t\t<div class=\"elementor-element elementor-element-bb47170 elementor-widget elementor-widget-image\" data-id=\"bb47170\" data-element_type=\"widget\" data-settings=\"{&quot;motion_fx_motion_fx_scrolling&quot;:&quot;yes&quot;,&quot;motion_fx_translateY_effect&quot;:&quot;yes&quot;,&quot;motion_fx_translateY_speed&quot;:{&quot;unit&quot;:&quot;px&quot;,&quot;size&quot;:1,&quot;sizes&quot;:[]},&quot;motion_fx_translateY_affectedRange&quot;:{&quot;unit&quot;:&quot;%&quot;,&quot;size&quot;:&quot;&quot;,&quot;sizes&quot;:{&quot;start&quot;:0,&quot;end&quot;:100}},&quot;motion_fx_devices&quot;:[&quot;desktop&quot;,&quot;tablet&quot;,&quot;mobile&quot;]}\" data-widget_type=\"image.default\">\n\t\t\t\t<div class=\"elementor-widget-container\">\n\t\t\t\t\t\t\t\t\t\t\t\t\t\t\t<img loading=\"lazy\" decoding=\"async\" width=\"1024\" height=\"544\" src=\"https:\/\/mecab.eu\/wp-content\/uploads\/2023\/03\/Schermata-software-gestione-1920srgb-0-1024x544.jpg\" class=\"attachment-large size-large wp-image-464\" alt=\"\" srcset=\"https:\/\/mecab.eu\/wp-content\/uploads\/2023\/03\/Schermata-software-gestione-1920srgb-0-1024x544.jpg 1024w, https:\/\/mecab.eu\/wp-content\/uploads\/2023\/03\/Schermata-software-gestione-1920srgb-0-300x159.jpg 300w, https:\/\/mecab.eu\/wp-content\/uploads\/2023\/03\/Schermata-software-gestione-1920srgb-0-768x408.jpg 768w, https:\/\/mecab.eu\/wp-content\/uploads\/2023\/03\/Schermata-software-gestione-1920srgb-0.jpg 1215w\" sizes=\"auto, (max-width: 1024px) 100vw, 1024px\" \/>\t\t\t\t\t\t\t\t\t\t\t\t\t\t\t<\/div>\n\t\t\t\t<\/div>\n\t\t\t\t\t<\/div>\n\t\t<\/div>\n\t\t\t\t\t\t\t<\/div>\n\t\t<\/section>\n\t\t\t\t\t\t\t<\/div>\n\t\t","protected":false},"excerpt":{"rendered":"<p>CNC-Drehen Zur Herstellung von zylindrischen Teilen verschiedener Gr\u00f6\u00dfen, wie z.B. Stifte, Antriebswellen, mit Abmessungen bis zu 47\u00d71280 mm. CNC-Fr\u00e4sen Es bietet die M\u00f6glichkeit, Teile mit komplexer Geometrie zu erstellen, wie z. B. Verbindungsflansche, Formen, geformte Platten f\u00fcr Ger\u00e4te. Elektroerosion Die Senkerodier- und Drahterodierstationen erm\u00f6glichen die Herstellung komplexer Geometrien und gegliederter Profile mit einem hohen Genauigkeitsgrad. [&hellip;]<\/p>\n","protected":false},"author":1,"featured_media":0,"parent":0,"menu_order":0,"comment_status":"closed","ping_status":"closed","template":"","meta":{"_locale":"de_DE","_original_post":"https:\/\/mecab.eu\/?page_id=12","footnotes":""},"class_list":["post-632","page","type-page","status-publish","hentry","de-DE"],"_links":{"self":[{"href":"https:\/\/mecab.eu\/wp-json\/wp\/v2\/pages\/632","targetHints":{"allow":["GET"]}}],"collection":[{"href":"https:\/\/mecab.eu\/wp-json\/wp\/v2\/pages"}],"about":[{"href":"https:\/\/mecab.eu\/wp-json\/wp\/v2\/types\/page"}],"author":[{"embeddable":true,"href":"https:\/\/mecab.eu\/wp-json\/wp\/v2\/users\/1"}],"replies":[{"embeddable":true,"href":"https:\/\/mecab.eu\/wp-json\/wp\/v2\/comments?post=632"}],"version-history":[{"count":4,"href":"https:\/\/mecab.eu\/wp-json\/wp\/v2\/pages\/632\/revisions"}],"predecessor-version":[{"id":637,"href":"https:\/\/mecab.eu\/wp-json\/wp\/v2\/pages\/632\/revisions\/637"}],"wp:attachment":[{"href":"https:\/\/mecab.eu\/wp-json\/wp\/v2\/media?parent=632"}],"curies":[{"name":"wp","href":"https:\/\/api.w.org\/{rel}","templated":true}]}}