{"id":655,"date":"2023-07-11T15:56:27","date_gmt":"2023-07-11T13:56:27","guid":{"rendered":"https:\/\/mecab.eu\/?page_id=655"},"modified":"2023-07-11T16:00:29","modified_gmt":"2023-07-11T14:00:29","slug":"cookie-politik","status":"publish","type":"page","link":"https:\/\/mecab.eu\/de\/cookie-politik\/","title":{"rendered":"Cookie-Politik"},"content":{"rendered":"\t\t<div data-elementor-type=\"wp-page\" data-elementor-id=\"655\" class=\"elementor elementor-655\">\n\t\t\t\t\t\t\t\t\t<section class=\"elementor-section elementor-top-section elementor-element elementor-element-568ec68 elementor-section-boxed elementor-section-height-default elementor-section-height-default\" data-id=\"568ec68\" data-element_type=\"section\">\n\t\t\t\t\t\t<div class=\"elementor-container elementor-column-gap-default\">\n\t\t\t\t\t<div class=\"elementor-column elementor-col-100 elementor-top-column elementor-element elementor-element-7a70e8c\" data-id=\"7a70e8c\" data-element_type=\"column\">\n\t\t\t<div class=\"elementor-widget-wrap elementor-element-populated\">\n\t\t\t\t\t\t\t\t<div class=\"elementor-element elementor-element-fc5181b elementor-widget elementor-widget-text-editor\" data-id=\"fc5181b\" data-element_type=\"widget\" data-widget_type=\"text-editor.default\">\n\t\t\t\t<div class=\"elementor-widget-container\">\n\t\t\t<style>\/*! elementor - v3.10.2 - 29-01-2023 *\/\n.elementor-widget-text-editor.elementor-drop-cap-view-stacked .elementor-drop-cap{background-color:#818a91;color:#fff}.elementor-widget-text-editor.elementor-drop-cap-view-framed .elementor-drop-cap{color:#818a91;border:3px solid;background-color:transparent}.elementor-widget-text-editor:not(.elementor-drop-cap-view-default) .elementor-drop-cap{margin-top:8px}.elementor-widget-text-editor:not(.elementor-drop-cap-view-default) .elementor-drop-cap-letter{width:1em;height:1em}.elementor-widget-text-editor .elementor-drop-cap{float:left;text-align:center;line-height:1;font-size:50px}.elementor-widget-text-editor .elementor-drop-cap-letter{display:inline-block}<\/style>\t\t\t\t<h2>Informationen \u00fcber die Cookie-Politik der Website<\/h2><p>Dieser Abschnitt enth\u00e4lt Informationen \u00fcber die Cookie-Politik der Website mecab.eu, die Eigentum der Mecab s.r.l. ist, in Bezug auf die Verwendung von Cookies durch den Nutzer.<\/p><p>Dieses Dokument ist integraler Bestandteil der Datenschutzerkl\u00e4rung der Website https:\/\/mecab.eu\/privacy-policy\/ und die darin enthaltenen Informationen werden den betroffenen Personen gem\u00e4\u00df der Allgemeinen Datenschutzverordnung, EU-Verordnung Nr. 679\/2016, dem Datenschutzgesetz, Gesetzesdekret Nr. 196 vom 30. Juni 1993, in seiner ge\u00e4nderten Fassung, und den &#8222;Leitlinien f\u00fcr Cookies und andere Tracking-Tools &#8211; 10. Juni 2021&#8220;, G.U. Nr. 163 vom 9. Juli 2021, zur Verf\u00fcgung gestellt.<\/p><p>Die Informationen beziehen sich ausschlie\u00dflich auf Cookies innerhalb der mecab.eu-Website und nicht auf Cookies auf externen Websites, die \u00fcber Links innerhalb der Website selbst erreicht werden k\u00f6nnen.<\/p><p>Die Cookie-Richtlinie kann von Zeit zu Zeit aktualisiert werden, so dass wir Ihnen empfehlen, dieses Dokument bei jedem Zugriff auf die Website zu konsultieren, um genau dar\u00fcber informiert zu sein, wie und warum Cookies verwendet werden.<\/p><h2>Verantwortlicher f\u00fcr die Datenverarbeitung<\/h2><p>Der f\u00fcr die Verarbeitung Verantwortliche ist die nat\u00fcrliche oder juristische Person, Beh\u00f6rde, Dienststelle oder sonstige Einrichtung, die allein oder gemeinsam mit anderen \u00fcber die Zwecke und Mittel der Verarbeitung von personenbezogenen Daten entscheidet. Er befasst sich auch mit Sicherheitsprofilen.<\/p><p>F\u00fcr diese Website ist der Inhaber der Datenverarbeitung: Alessandro Boeris. Zur Kl\u00e4rung oder Aus\u00fcbung Ihrer Rechte k\u00f6nnen Sie ihn unter folgender E-Mail-Adresse kontaktieren: https:\/\/mecab.eu\/privacy-policy\/<\/p><h2>Cookies<\/h2><p>Die Verwendung von Cookies erfolgt in \u00dcbereinstimmung mit den einschl\u00e4gigen europ\u00e4ischen (Richtlinie 2009\/136\/EG in Ab\u00e4nderung der Richtlinie 2002\/58\/EG &#8222;E Privacy&#8220;) und nationalen Rechtsvorschriften (Verordnung der Datenschutzbeh\u00f6rde vom 8. Mai 2014 und nachfolgende Klarstellungen sowie Leitlinien zu Cookies und anderen Tracking-Ger\u00e4ten vom 10. Juni 2021 Nr. 231).<\/p><h2>Arten von Cookies<\/h2><p>Die Website mecab.eu verwendet Cookies, um das Surfen f\u00fcr den Nutzer einfacher und intuitiver zu gestalten: Cookies sind kleine Textstrings, die dazu dienen, bestimmte Informationen zu speichern, die sich auf den Nutzer, seine Pr\u00e4ferenzen oder sein Internet-Zugangsger\u00e4t (Computer, Tablet oder Mobiltelefon) beziehen k\u00f6nnen, und die haupts\u00e4chlich dazu dienen, die Funktionsweise der Website an die Erwartungen des Nutzers anzupassen, indem sie ein pers\u00f6nlicheres Surferlebnis bieten und die zuvor getroffenen Entscheidungen speichern.<\/p><p>Ein Cookie besteht aus einem kleinen Datensatz, der von einem Webserver an den Browser des Benutzers \u00fcbertragen wird und nur von dem Server gelesen werden kann, der die \u00dcbertragung vorgenommen hat. Es handelt sich nicht um ausf\u00fchrbaren Code und \u00fcbertr\u00e4gt keine Viren.<\/p><p>Cookies erfassen keine pers\u00f6nlichen Informationen und es werden keine identifizierbaren Daten gespeichert. Wenn Sie es w\u00fcnschen, k\u00f6nnen Sie die Speicherung einiger oder aller Cookies verhindern. In diesem Fall kann es jedoch zu Beeintr\u00e4chtigungen bei der Nutzung der Website und der angebotenen Dienste kommen. Wenn Sie Ihre Cookie- Optionen nicht \u00e4ndern m\u00f6chten, fahren Sie einfach mit dem Surfen fort.<\/p><p>Diese Website kann, auch in Kombination miteinander, die folgenden Arten von Cookies verwenden, die gem\u00e4\u00df den Angaben des Datenschutzgaranten und den auf europ\u00e4ischer Ebene von der Arbeitsgruppe ex Art. 29 der DSGVO herausgegebenen Stellungnahmen klassifiziert sind:<\/p><p>Session, das sind Cookies, die nicht dauerhaft auf dem Computer des Nutzers gespeichert und beim Schlie\u00dfen des Browsers gel\u00f6scht werden; sie beschr\u00e4nken sich strikt auf die \u00dcbermittlung von Sitzungskennungen, die f\u00fcr eine sichere und effiziente Erkundung der Website erforderlich sind, wobei der Einsatz anderer IT-Techniken, die die Vertraulichkeit des Surfens der Nutzer beeintr\u00e4chtigen k\u00f6nnten, vermieden wird.<\/p><p>Dauerhafte Cookies sind Cookies, die auf der Festplatte des Computers gespeichert bleiben, bis sie ablaufen oder von den Nutzern\/Besuchern gel\u00f6scht werden. Durch dauerhafte Cookies werden Besucher, die auf die Website zugreifen (oder andere Nutzer, die denselben Computer verwenden), bei jedem Besuch automatisch erkannt. Die Besucher k\u00f6nnen den Browser ihres Computers so einstellen, dass er alle Cookies akzeptiert oder ablehnt oder jedes Mal, wenn ein Cookie vorgeschlagen wird, eine Warnung anzeigt, so dass sie entscheiden k\u00f6nnen, ob sie es akzeptieren wollen oder nicht. Die Nutzer k\u00f6nnen jedoch die Standardkonfiguration \u00e4ndern und Cookies deaktivieren (d. h. dauerhaft blockieren), indem sie die h\u00f6chste Schutzstufe einstellen.<\/p><p>Technische Cookies sind Cookies, die zur Authentifizierung, zur Nutzung von Multimedia-Inhalten wie Flash-Playern oder zur Auswahl der Navigationssprache verwendet werden. Es ist daher im Allgemeinen nicht erforderlich, die vorherige und informierte Zustimmung des Nutzers einzuholen. Dazu geh\u00f6ren auch Cookies, die zur statistischen Analyse der Zugriffe\/Besuche auf der Website verwendet werden, sofern sie ausschlie\u00dflich zu statistischen Zwecken und durch die Sammlung von Informationen in zusammengefasster Form verwendet werden.<\/p><p>Profiling- und Marketing-Cookies. Ihre Verwendung auf dem Endger\u00e4t des Nutzers ist verboten, es sei denn, der Nutzer wurde zuvor angemessen informiert und hat seine g\u00fcltige Zustimmung gegeben. Diese Arten von Cookies werden wiederum nach den Funktionen gruppiert, die sie erf\u00fcllen:<\/p><p>a) Analitycs. sind Cookies, die verwendet werden, um statistische Informationen \u00fcber Zugriffe\/Besuche auf der Website zu sammeln und zu analysieren. In einigen F\u00e4llen k\u00f6nnen sie in Verbindung mit anderen Informationen, wie z. B. den Anmeldeinformationen f\u00fcr den Zugang zu gesch\u00fctzten Bereichen (E-Mail-Adresse und Passwort), dazu verwendet werden, ein Profil des Nutzers zu erstellen (pers\u00f6nliche Gewohnheiten, besuchte Websites, heruntergeladene Inhalte, Art der durchgef\u00fchrten Interaktionen usw.).<\/p><p>b) Widgets: Diese Kategorie umfasst alle grafischen Komponenten der Benutzeroberfl\u00e4che eines Programms, deren Zweck es ist, die Interaktion des Benutzers mit dem Programm selbst zu erleichtern. Beispiele f\u00fcr Widgets sind Facebook-Cookies, Twitter.<\/p><p>c) Advertising: Cookies, die f\u00fcr die Werbung auf einer Website verwendet werden, fallen in diese Kategorie. Google, Tradedoubler fallen in diese Kategorie.<\/p><h3>Technische Cookies<\/h3><p>Technische Cookies werden ausschlie\u00dflich zu dem Zweck verwendet, &#8222;die \u00dcbertragung einer Nachricht \u00fcber ein elektronisches Kommunikationsnetz durchzuf\u00fchren oder soweit dies f\u00fcr den Anbieter eines Dienstes der Informationsgesellschaft, der vom Teilnehmer oder Nutzer ausdr\u00fccklich zur Erbringung eines solchen Dienstes aufgefordert wird, unbedingt erforderlich ist&#8220; (vgl. Art. 122(1) des Datenschutzgesetzes).<\/p><p>Technische Cookies bed\u00fcrfen nicht der vorherigen Zustimmung des Nutzers. Sie werden verwendet, um das Funktionieren der Website zu erm\u00f6glichen und\/oder um dem Nutzer einen Dienst oder eine Funktion zur Verf\u00fcgung zu stellen, die der Nutzer ausdr\u00fccklich angefordert hat. Die Cookies gew\u00e4hrleisten somit eine normale Navigation und Nutzung der Websites, wobei sie auch die Speicherung der vom Nutzer ge\u00e4u\u00dferten Pr\u00e4ferenzen erm\u00f6glichen und so seine Navigation optimieren. Die Websites verwenden sowohl technische Cookies von Erstanbietern als auch von Drittanbietern.<\/p><p>Die technischen Cookies, die tats\u00e4chlich von der Website verwendet werden oder von der Website verwendet werden k\u00f6nnten, sind in folgende Kategorien unterteilt<\/p><p>Cookies f\u00fcr &#8222;Benutzereingaben&#8220;: Sitzungscookies, die verwendet werden, um die vom Benutzer durch Ausf\u00fcllen der entsprechenden Online-Formulare (z. B. die Formulare w\u00e4hrend des Kaufvorgangs zur Eingabe der Versand- oder Rechnungsadresse) bereitgestellten Daten zu speichern, oder, wie im Falle des Warenkorbs, um sich die Artikel zu merken, die der Benutzer ausgew\u00e4hlt und durch Anklicken der entsprechenden Schaltfl\u00e4che in den Warenkorb gelegt hat;<\/p><p>Authentifizierungs-Cookies: Cookies, die verwendet werden, um den Benutzer nach der Anmeldung zu identifizieren und ihm die Authentifizierung und den Zugang zu den Inhalten und\/oder Funktionalit\u00e4ten zu erm\u00f6glichen, f\u00fcr die eine solche Anmeldung erforderlich ist (z. B. Kauf, Zugang zum pers\u00f6nlichen Bereich);<\/p><p>andere Funktionalit\u00e4ts-Cookies: Cookies, die dazu dienen, bestimmte Funktionalit\u00e4ten der Websites zu aktivieren und die vom Nutzer getroffenen Entscheidungen in Bezug auf die Anzeige der Seiten der Websites zu speichern;<\/p><p>&#8222;Cookie Consent&#8220;: ein Cookie, das die Zustimmung des Nutzers zur Installation von Profilierungs-Cookies dokumentiert, indem er eine der im Banner\/im Kurzhinweis beschriebenen Aktionen durchf\u00fchrt, den Nutzer beim zweiten Zugriff auf die Website wiedererkennt, so dass er nicht erneut um Zustimmung zur Installation von Cookies bitten muss, und das eine Dauer von 12 Monaten hat.<\/p><p>4- Die von dieser Website verwendeten technischen Cookies sind:<\/p><h2>Cookies von Dritten<\/h2><p>In Bezug auf die Herkunft wird unterschieden zwischen Cookies, die direkt von der von Ihnen besuchten Website an den Browser gesendet werden, und Cookies von Dritten, die von anderen Websites an Ihren Computer gesendet werden und nicht von der Website, die Sie besuchen.<\/p><p>Dauerhafte Cookies sind h\u00e4ufig Cookies von Drittanbietern. Bei den meisten Cookies von Drittanbietern handelt es sich um Tracking-Cookies, die verwendet werden, um das Online-Verhalten zu erkennen, Interessen zu verstehen und so die Werbeangebote f\u00fcr die Nutzer zu personalisieren.<\/p><h3>Analytische Cookies<\/h3><p>Analytische Cookies werden verwendet, um statistische Informationen in aggregierter oder nicht aggregierter Form \u00fcber die Anzahl der Nutzer zu sammeln, die auf einen Dienst zugreifen.<\/p><p>Die von der Gesellschaft verwendeten analytischen Cookies sind Drittanbieter-Cookies, da sie nicht direkt von uns, sondern von Dritten gesetzt werden.<\/p><p>Die von dieser Website verwendeten Cookies, die zu dieser Kategorie geh\u00f6ren, sind:<\/p><p><table class=\"cookielawinfo-row-cat-table cookielawinfo-winter\"><thead><tr><th class=\"cookielawinfo-column-1\">Cookie<\/th><th class=\"cookielawinfo-column-3\">Duration<\/th><th class=\"cookielawinfo-column-4\">Description<\/th><\/tr><\/thead><tbody><tr class=\"cookielawinfo-row\"><td class=\"cookielawinfo-column-1\">Google Analytics (GA4)<\/td><td class=\"cookielawinfo-column-3\">2 anni<\/td><td class=\"cookielawinfo-column-4\">Questo cookie viene utilizzato per distinguere gli utenti unici e le sessioni uniche di un singolo utente. La libreria non richiede l&#8217;impostazione di cookie per la trasmissione dei dati a Google Analytics. Maggiori informazioni sulla <a href=\"https:\/\/support.google.com\/analytics\/answer\/6004245\" target=\"_blank\" rel=\"noopener\">Salvaguardia dei dati da Google Analytics<\/a>.<\/td><\/tr><tr class=\"cookielawinfo-row\"><td class=\"cookielawinfo-column-1\">Hotjar<\/td><td class=\"cookielawinfo-column-3\">Fino a 1 anno<\/td><td class=\"cookielawinfo-column-4\">Cookie impostati da Hotjar per il tracciamento della sessione e la creazione di heatmap. <a href=\"https:\/\/help.hotjar.com\/hc\/en-us\/articles\/6952777582999-Cookies-Set-by-the-Hotjar-Tracking-Code\" target=\"_blank\" rel=\"noopener\">Informazioni complete sui cookie impostati da Hotjar<\/a><\/td><\/tr><\/tbody><\/table> <\/p><p><span style=\"font-size: 1rem;\">Analyse-Cookies von Drittanbietern werden ohne die vorherige Zustimmung des Nutzers installiert, da sie weniger invasiv sind, da sie anonymisiert sind und der Drittanbieter keinen Zugriff auf aufgeschl\u00fcsselte Analysedaten auf der Ebene der IP-Adresse hat.<\/span><\/p><p>Sie k\u00f6nnen die Installation von Analyse-Cookies jederzeit blockieren, ohne dass dadurch Ihre F\u00e4higkeit beeintr\u00e4chtigt wird, die urspr\u00fcngliche Website zu besuchen oder den mecab.eu-Dienst in irgendeiner Weise zu nutzen. Um herauszufinden, wie Sie dies tun k\u00f6nnen, lesen Sie bitte die Cookie-Richtlinien von Drittanbietern sorgf\u00e4ltig durch, indem Sie den Links in der Tabelle oben folgen.<\/p><h2>So deaktivieren Sie Cookies<\/h2><p>Bei Ihrem ersten Besuch auf unserer Website k\u00f6nnen Sie alle Cookies akzeptieren, indem Sie auf die Schaltfl\u00e4che &#8222;Alle akzeptieren&#8220; im Banner oder auf einem beliebigen Element der Webseite au\u00dferhalb des Banners selbst klicken.<\/p><p>In allen anderen F\u00e4llen und bei jedem weiteren Besuch der Website k\u00f6nnen Sie durch Klicken auf den Link &#8222;Cookie- Einstellungen&#8220; unten auf der Startseite unserer Website auf diesen Hinweis zugreifen und Ihre Zustimmung zur Installation von Cookies verweigern.<\/p><p>Es ist m\u00f6glich, Cookies je nach verwendetem Browser zu deaktivieren. Da die meisten Browser so programmiert sind, dass sie Cookies automatisch akzeptieren, kann der Nutzer sich daf\u00fcr entscheiden, sie nicht zu erhalten, insbesondere in F\u00e4llen, in denen der betreffende Dritte keine korrekte M\u00f6glichkeit zum Opt-out vorgesehen hat, indem er auf die Einstellungen des Browsers zugreift und ihre Verwendung gem\u00e4\u00df den unter den folgenden Adressen beschriebenen Verfahren deaktiviert:<\/p><p>Microsoft Windows Explorer: https:\/\/support.microsoft.com\/en-gb\/windows\/delete-and-manage-cookies-168dab11- 0753-043d-7c16-ede5947fc64d#ie=ie-11<\/p><p><span lang=\"en-US\">Google Chrome: <\/span><span style=\"color: #0563c1;\"><u><a href=\"https:\/\/support.google.com\/chrome\/answer\/95647?hl=it\" target=\"_blank\" rel=\"noopener\"><span lang=\"en-US\">https:\/\/support.google.com\/chrome\/answer\/95647?hl=it<\/span><\/a><\/u><\/span><\/p><p><span lang=\"it-IT\">Mozilla Firefox: https:\/\/support.mozilla.org\/it\/kb\/Gestione%20dei%20cookie<\/span><\/p><p><span lang=\"it-IT\">Apple Safari: <\/span><span style=\"color: #0563c1;\"><u><a href=\"https:\/\/support.apple.com\/it-it\/guide\/safari\/sfri11471\/mac\" target=\"_blank\" rel=\"noopener\"><span lang=\"it-IT\">https:\/\/support.apple.com\/it-it\/guide\/safari\/sfri11471\/mac<\/span><\/a><\/u><\/span><\/p><p><span lang=\"it-IT\">Opera: https:\/\/help.opera.com\/en\/latest\/web-preferences\/#cookies<\/span><\/p><p>Wenn Ihr Browser nicht vorhanden ist, k\u00f6nnen Sie die von Ihrem Browser bereitgestellten Cookie-Informationen einsehen. Wenn Sie ein Mobiltelefon benutzen, finden Sie weitere Informationen in dessen Handbuch.<\/p><p>Nach der Deaktivierung von Cookies \u00fcber die Browser-Einstellungen weisen wir Sie darauf hin, dass Sie alle bereits vor der Deaktivierung vorhandenen Cookies l\u00f6schen m\u00fcssen.<\/p><p>Die Deaktivierung der Cookies von Drittanbietern ist auch \u00fcber die Methoden m\u00f6glich, die direkt von den f\u00fcr die Verarbeitung verantwortlichen Drittanbietern zur Verf\u00fcgung gestellt werden, wie in den Links im Abschnitt &#8222;Cookies von Drittanbietern&#8220; angegeben.<\/p><p>Informationen zu den auf Ihrem Endger\u00e4t gespeicherten Cookies und zur individuellen Deaktivierung dieser Cookies finden Sie unter www.youronlinechoices.com.<\/p><p>Sobald Sie auf der Website sind, k\u00f6nnen Sie im Bereich Cookie-Einstellungen:<\/p><p>die Liste unserer Partnerunternehmen einsehen, die Cookies auf unserer Website installieren (Unternehmen);<\/p><p>das Vorhandensein und den Aktivit\u00e4tsstatus des installierten Cookies \u00fcberpr\u00fcfen (Status) und die Zustimmung selektiv verwalten (Ein\/Aus). Wenn Sie den Punkt, der jedem Unternehmen gewidmet ist, erweitern (Info), k\u00f6nnen Sie auf weitere Informationen \u00fcber das Unternehmen zugreifen und \u00fcber Links die spezifischen Datenschutz- und Cookie- Richtlinien erreichen.<\/p>\t\t\t\t\t\t<\/div>\n\t\t\t\t<\/div>\n\t\t\t\t\t<\/div>\n\t\t<\/div>\n\t\t\t\t\t\t\t<\/div>\n\t\t<\/section>\n\t\t\t\t\t\t\t<\/div>\n\t\t","protected":false},"excerpt":{"rendered":"<p>Informationen \u00fcber die Cookie-Politik der Website Dieser Abschnitt enth\u00e4lt Informationen \u00fcber die Cookie-Politik der Website mecab.eu, die Eigentum der Mecab s.r.l. ist, in Bezug auf die Verwendung von Cookies durch den Nutzer. Dieses Dokument ist integraler Bestandteil der Datenschutzerkl\u00e4rung der Website https:\/\/mecab.eu\/privacy-policy\/ und die darin enthaltenen Informationen werden den betroffenen Personen gem\u00e4\u00df der Allgemeinen Datenschutzverordnung, [&hellip;]<\/p>\n","protected":false},"author":1,"featured_media":0,"parent":0,"menu_order":0,"comment_status":"closed","ping_status":"closed","template":"","meta":{"_locale":"de_DE","_original_post":"https:\/\/mecab.eu\/?page_id=401","footnotes":""},"class_list":["post-655","page","type-page","status-publish","hentry","de-DE"],"_links":{"self":[{"href":"https:\/\/mecab.eu\/wp-json\/wp\/v2\/pages\/655","targetHints":{"allow":["GET"]}}],"collection":[{"href":"https:\/\/mecab.eu\/wp-json\/wp\/v2\/pages"}],"about":[{"href":"https:\/\/mecab.eu\/wp-json\/wp\/v2\/types\/page"}],"author":[{"embeddable":true,"href":"https:\/\/mecab.eu\/wp-json\/wp\/v2\/users\/1"}],"replies":[{"embeddable":true,"href":"https:\/\/mecab.eu\/wp-json\/wp\/v2\/comments?post=655"}],"version-history":[{"count":4,"href":"https:\/\/mecab.eu\/wp-json\/wp\/v2\/pages\/655\/revisions"}],"predecessor-version":[{"id":662,"href":"https:\/\/mecab.eu\/wp-json\/wp\/v2\/pages\/655\/revisions\/662"}],"wp:attachment":[{"href":"https:\/\/mecab.eu\/wp-json\/wp\/v2\/media?parent=655"}],"curies":[{"name":"wp","href":"https:\/\/api.w.org\/{rel}","templated":true}]}}