{"id":656,"date":"2023-07-11T15:48:08","date_gmt":"2023-07-11T13:48:08","guid":{"rendered":"https:\/\/mecab.eu\/?page_id=656"},"modified":"2023-07-11T16:08:12","modified_gmt":"2023-07-11T14:08:12","slug":"datenschutzbestimmungen","status":"publish","type":"page","link":"https:\/\/mecab.eu\/de\/datenschutzbestimmungen\/","title":{"rendered":"Datenschutzbestimmungen"},"content":{"rendered":"\t\t<div data-elementor-type=\"wp-page\" data-elementor-id=\"656\" class=\"elementor elementor-656\">\n\t\t\t\t\t\t\t\t\t<section class=\"elementor-section elementor-top-section elementor-element elementor-element-92237ac elementor-section-boxed elementor-section-height-default elementor-section-height-default\" data-id=\"92237ac\" data-element_type=\"section\">\n\t\t\t\t\t\t<div class=\"elementor-container elementor-column-gap-default\">\n\t\t\t\t\t<div class=\"elementor-column elementor-col-100 elementor-top-column elementor-element elementor-element-36cb6fc\" data-id=\"36cb6fc\" data-element_type=\"column\">\n\t\t\t<div class=\"elementor-widget-wrap elementor-element-populated\">\n\t\t\t\t\t\t\t\t<div class=\"elementor-element elementor-element-28c3f48 elementor-widget elementor-widget-text-editor\" data-id=\"28c3f48\" data-element_type=\"widget\" data-widget_type=\"text-editor.default\">\n\t\t\t\t<div class=\"elementor-widget-container\">\n\t\t\t<style>\/*! elementor - v3.10.2 - 29-01-2023 *\/\n.elementor-widget-text-editor.elementor-drop-cap-view-stacked .elementor-drop-cap{background-color:#818a91;color:#fff}.elementor-widget-text-editor.elementor-drop-cap-view-framed .elementor-drop-cap{color:#818a91;border:3px solid;background-color:transparent}.elementor-widget-text-editor:not(.elementor-drop-cap-view-default) .elementor-drop-cap{margin-top:8px}.elementor-widget-text-editor:not(.elementor-drop-cap-view-default) .elementor-drop-cap-letter{width:1em;height:1em}.elementor-widget-text-editor .elementor-drop-cap{float:left;text-align:center;line-height:1;font-size:50px}.elementor-widget-text-editor .elementor-drop-cap-letter{display:inline-block}<\/style>\t\t\t\t<p>Dieses Dokument, das die Datenschutzpolitik dieser Website darstellt, kann \u00c4nderungen oder Aktualisierungen unterliegen. Die Nutzer werden gebeten, diese Seite regelm\u00e4\u00dfig zu konsultieren, um sich \u00fcber die neuesten rechtlichen \u00c4nderungen zu informieren.<\/p>\n<p>Das Dokument wurde am 14\/03\/2023 aktualisiert, um den einschl\u00e4gigen Rechtsvorschriften, insbesondere der Verordnung (EU) 2016\/679, zu entsprechen.<\/p>\n<h2>Informationen zum Datenschutz auf der Website<\/h2>\n<p>Dieser Abschnitt enth\u00e4lt Informationen dar\u00fcber, wie mecab.eu, das Eigentum von Mecab s.r.l., im Hinblick auf die Verarbeitung der Daten der Nutzer der Website selbst verwaltet wird.<\/p>\n<p>Diese Informationen gelten auch im Sinne von Artikel 13 der Verordnung (EU) Nr. 2016\/679 zum Schutz nat\u00fcrlicher Personen bei der Verarbeitung personenbezogener Daten und zum freien Datenverkehr f\u00fcr Personen, die mit mecab.eu interagieren.<\/p>\n<p>Diese Informationen werden nur f\u00fcr mecab.eu zur Verf\u00fcgung gestellt und nicht f\u00fcr andere Websites, die der Nutzer \u00fcber darin enthaltene Links aufrufen kann.<\/p>\n<p>Ziel dieses Dokuments ist es, Informationen \u00fcber die Art und Weise, den Zeitpunkt und die Art der Informationen zu geben, die die f\u00fcr die Datenverarbeitung Verantwortlichen den Nutzern zur Verf\u00fcgung stellen m\u00fcssen, wenn sie sich mit den mecab.eu-Webseiten verbinden, unabh\u00e4ngig vom Zweck der Verbindung selbst, in \u00dcbereinstimmung mit den italienischen und europ\u00e4ischen Rechtsvorschriften.<\/p>\n<p>Dieser Hinweis kann sich aufgrund der Einf\u00fchrung neuer Vorschriften in diesem Bereich \u00e4ndern, daher sollten Sie diese Seite regelm\u00e4\u00dfig \u00fcberpr\u00fcfen.<\/p>\n<p>Wenn der Nutzer unter vierzehn Jahre alt ist, muss er gem\u00e4\u00df Art. 8, Abs. 1 der Verordnung (EU) 2016\/679 und Art. 2 &#8211; Quinquies des Gesetzesdekrets 196\/2003, ge\u00e4ndert durch das Gesetzesdekret 181\/18, seine Zustimmung durch die Genehmigung seiner Eltern oder seines Vormunds legitimieren.<\/p>\n<h2>Verantwortlicher f\u00fcr die Datenverarbeitung<\/h2>\n<p>Der f\u00fcr die Verarbeitung Verantwortliche ist die nat\u00fcrliche oder juristische Person, Beh\u00f6rde, Dienststelle oder sonstige Einrichtung, die allein oder gemeinsam mit anderen \u00fcber die Zwecke und Mittel der Verarbeitung von personenbezogenen Daten entscheidet. Er befasst sich auch mit Sicherheitsprofilen.<\/p>\n<p>In Bezug auf diese Website ist der Verantwortliche der Datenverarbeitung: Alessandro Boeris. Zur Kl\u00e4rung oder Aus\u00fcbung Ihrer Rechte k\u00f6nnen Sie sich an ihn unter der folgenden E-Mail-Adresse wenden: info@mecab.eu.<\/p>\n<h2>Ort der Datenverarbeitung<\/h2>\n<p>Die durch die Nutzung von mecab.eu erzeugte Datenverarbeitung findet in Via Pralafera, 36, 10062 Luserna San Giovanni (TO) statt.<\/p>\n<p>Erforderlichenfalls k\u00f6nnen die mit dem Newsletter-Dienst verbundenen Daten von dem f\u00fcr die Verarbeitung Verantwortlichen oder den von ihm zu diesem Zweck beauftragten Personen in den entsprechenden R\u00e4umlichkeiten verarbeitet werden.<\/p>\n<h2>Rechtsgrundlage f\u00fcr die Verarbeitung<\/h2>\n<p>Die Verarbeitung personenbezogener Daten durch mecab.eu beruht auf der Zustimmung &#8211; gem\u00e4\u00df Art. 6(1)(a) der Verordnung (EU) 2016\/679 -, die der Nutzer durch das Aufrufen dieser Website und die Konsultation der Website zum Ausdruck gebracht hat, wodurch er diese Politik akzeptiert.<\/p>\n<p>Die Zustimmung ist fakultativ und kann jederzeit per E-Mail an info@mecab.eu widerrufen werden, wobei darauf hinzuweisen ist, dass in diesem Fall bei fehlender Zustimmung bestimmte Dienste nicht erbracht werden k\u00f6nnen und die Navigation auf der Website beeintr\u00e4chtigt werden kann.<\/p>\n<h2>Cookies<\/h2>\n<p>Dieser Abschnitt beschreibt, wie diese Website und Dritte Cookies und \u00e4hnliche Technologien verwenden. Die Verwendung von Cookies erfolgt in \u00dcbereinstimmung mit den einschl\u00e4gigen europ\u00e4ischen (Richtlinie 2009\/136\/EG in Ab\u00e4nderung der Richtlinie 2002\/58\/EG &#8222;E Privacy&#8220;) und nationalen Vorschriften (Verordnung der Datenschutzbeh\u00f6rde vom 8. Mai 2014 und nachfolgende Klarstellungen sowie Leitlinien zu Cookies und anderen Tracking-Ger\u00e4ten vom 10. Juni 2021 Nr. 231).<\/p>\n<p>Umfassende Informationen \u00fcber Cookies finden Sie in unserer Cookie-Richtlinie: https:\/\/www.mecab.eu\/de\/cookie-politik.<\/p>\n<h2>Art der Datenverarbeitung<\/h2>\n<p>Die Verarbeitung personenbezogener Daten ist zur Verfolgung des berechtigten Interesses des f\u00fcr die Verarbeitung Verantwortlichen zum Zwecke der Information \u00fcber die Aktivit\u00e4ten von mecab.eu gem\u00e4\u00df Art. 6 Abs. 1 Buchstabe f der Verordnung (EU) 2016\/679 erforderlich.<\/p>\n<p>Diese Website verwendet Protokolldateien, in denen Informationen gespeichert werden, die w\u00e4hrend der Besuche der Nutzer automatisch erfasst werden. Die gesammelten Informationen k\u00f6nnen wie folgt sein:<\/p>\n<ul>\n<li>Internet-Protokoll-Adresse (IP);<\/li>\n<li>Browsertyp und Parameter des Ger\u00e4ts, das f\u00fcr die Verbindung mit der Website verwendet wird;<\/li>\n<li>Datum und Uhrzeit des Besuchs;<\/li>\n<li>m\u00f6glicherweise der Name des Internetdienstanbieters (ISP);<\/li>\n<li>m\u00f6glicherweise die Quelle des Besuchers (Verweis) und die Ausgangsseite sowie die angeforderten Ressourcen;<\/li>\n<li>m\u00f6glicherweise die Anzahl der Klicks.<\/li>\n<\/ul>\n<p><span style=\"font-size: 1rem;\">Diese Informationen werden automatisch verarbeitet und in zusammengefasster Form nur zum Zweck der \u00dcberpr\u00fcfung des ordnungsgem\u00e4\u00dfen Funktionierens der Website und aus Sicherheitsgr\u00fcnden gesammelt. Diese Informationen werden in \u00dcbereinstimmung mit den berechtigten Interessen des Eigent\u00fcmers verarbeitet werden.<\/span><\/p>\n<p>Zu Sicherheitszwecken (Anti-Spam-Filter, Firewalls, Virenerkennung) k\u00f6nnen die automatisch erfassten Daten m\u00f6glicherweise auch personenbezogene Daten wie die IP-Adresse enthalten, die in \u00dcbereinstimmung mit den geltenden Gesetzen verwendet werden k\u00f6nnten, um Versuche zu unterbinden, die Website selbst zu besch\u00e4digen oder anderen Nutzern Schaden zuzuf\u00fcgen, oder in jedem Fall sch\u00e4dliche oder kriminelle Aktivit\u00e4ten. Diese Daten werden niemals zur Identifizierung der Nutzer oder zur Erstellung von Profilen verwendet, sondern nur zum Schutz der Website und ihrer Nutzer. Diese Informationen werden entsprechend den berechtigten Interessen des Eigent\u00fcmers verarbeitet.<\/p>\n<h2>Art der erworbenen Daten<\/h2>\n<p>mecab.eu sammelt Nutzerdaten direkt von der Website oder von Dritten. Einige Daten sind notwendig, um auf der Seite zu navigieren.<\/p>\n<p>Weitere Daten, die von mecab.eu nur mit ausdr\u00fccklicher Zustimmung des Nutzers erfasst werden k\u00f6nnen, sind: Vor- und Nachname, E-Mail-Adresse, Telefonnummer<\/p>\n<h2>Vom Nutzer bereitgestellte Daten<\/h2>\n<p>Wenn die Website die M\u00f6glichkeit bietet, Kommentare zu ver\u00f6ffentlichen, oder wenn der Nutzer bestimmte Dienste anfordert, einschlie\u00dflich der M\u00f6glichkeit, einen Lebenslauf f\u00fcr ein m\u00f6gliches Arbeitsverh\u00e4ltnis zu \u00fcbermitteln, erkennt und speichert die Website automatisch bestimmte Identifikationsdaten des Nutzers, einschlie\u00dflich der E-Mail-Adresse des Nutzers. Es wird davon ausgegangen, dass diese Daten vom Nutzer bei der Anforderung der Dienstleistung freiwillig angegeben werden.<\/p>\n<p>Mit der Eingabe eines Kommentars oder anderer Informationen akzeptiert der Nutzer ausdr\u00fccklich die Datenschutzbestimmungen. Die erhaltenen Daten werden ausschlie\u00dflich f\u00fcr die Erbringung der angeforderten Dienstleistung und nur f\u00fcr den Zeitraum verwendet, der f\u00fcr die Erbringung der Dienstleistung erforderlich ist.<\/p>\n<p>Die Informationen, die die Nutzer der Website \u00fcber die ihnen zur Verf\u00fcgung gestellten Dienste und Tools ver\u00f6ffentlichen, werden von den Nutzern wissentlich und freiwillig zur Verf\u00fcgung gestellt, wodurch diese Website von jeglicher Haftung f\u00fcr Gesetzesverst\u00f6\u00dfe befreit wird. Es obliegt dem Nutzer zu \u00fcberpr\u00fcfen, ob er die Berechtigung hat, pers\u00f6nliche Daten Dritter oder durch nationale und internationale Vorschriften gesch\u00fctzte Inhalte einzugeben.<\/p>\n<p>Die fakultative, ausdr\u00fcckliche und freiwillige Zusendung von elektronischer Post an die auf dieser Website angegebenen Adressen hat zur Folge, dass die Adresse des Absenders, die f\u00fcr die Beantwortung von Anfragen erforderlich ist, sowie alle anderen in der Nachricht enthaltenen personenbezogenen Daten erfasst werden.<\/p>\n<p>Spezifische zusammenfassende Informationen werden auf den Seiten der Website, die f\u00fcr bestimmte Dienste eingerichtet wurden, auf Anfrage nach und nach gemeldet oder angezeigt.<\/p>\n<h2>Zweck der Datenverarbeitung<\/h2>\n<p>Die von der Website im Rahmen ihrer T\u00e4tigkeit gesammelten Daten werden zu den oben genannten Zwecken sowie zu folgenden Zwecken verwendet: Anfordern von Daten f\u00fcr den direkten Gesch\u00e4ftskontakt, f\u00fcr die Formulierung von Vorschl\u00e4gen oder Kostenvoranschl\u00e4gen oder f\u00fcr das Anfordern von Informationen \u00fcber die vom Unternehmen angebotenen Dienstleistungen.<\/p>\n<h2>Aufbewahrung von Daten<\/h2>\n<p>Gem\u00e4\u00df den Anforderungen von Artikel 5 Absatz 1 Buchstabe c der Verordnung sind die von mecab.eu verwendeten Informationssysteme und Computerprogramme so konfiguriert, dass die Verwendung personenbezogener und identifizierbarer Daten auf ein Mindestma\u00df beschr\u00e4nkt ist; diese Daten werden nur in dem Ma\u00dfe verarbeitet, wie es f\u00fcr die in dieser Richtlinie dargelegten Zwecke erforderlich ist.<\/p>\n<p>Die Daten werden so lange aufbewahrt, wie es f\u00fcr die Erreichung der konkret verfolgten Zwecke unbedingt erforderlich ist, wobei das Kriterium f\u00fcr die Festlegung der Aufbewahrungsfrist in jedem Fall den nach den geltenden Rechtsvorschriften zul\u00e4ssigen Bedingungen und den Grunds\u00e4tzen der Minimierung der Verarbeitung und der Begrenzung der Aufbewahrung entspricht.<\/p>\n<p>Daten, die zu Sicherheitszwecken verwendet werden (Blockieren von Versuchen, die Website zu besch\u00e4digen), werden nur so lange gespeichert, wie es f\u00fcr die Erreichung des oben genannten Zwecks unbedingt erforderlich ist.<\/p>\n<h2>Benutzerrechte<\/h2>\n<p>Den Nutzern wird die Wahrung ihrer Rechte im Bereich des Schutzes personenbezogener Daten garantiert. Im Einklang mit den Bestimmungen der DSGVO haben Sie in Bezug auf die Verarbeitung Ihrer personenbezogenen Daten das Recht, den f\u00fcr die Verarbeitung Verantwortlichen folgendes zu fragen:<\/p>\n<p>Zugang: Der Nutzer kann eine Best\u00e4tigung dar\u00fcber verlangen, ob die ihn betreffenden Daten verarbeitet werden oder nicht, sowie weitere Erl\u00e4uterungen zu den in dieser Mitteilung enthaltenen Informationen;<\/p>\n<p>Berichtigung: Sie k\u00f6nnen die Berichtigung oder Erg\u00e4nzung der von Ihnen angegebenen Daten verlangen, wenn diese unrichtig oder unvollst\u00e4ndig sind;<\/p>\n<p>L\u00f6schung: Sie k\u00f6nnen die L\u00f6schung Ihrer Daten verlangen, wenn sie f\u00fcr unsere Zwecke nicht mehr erforderlich sind, wenn Sie Ihre Einwilligung widerrufen oder der Verarbeitung widersprechen, wenn die Verarbeitung rechtswidrig ist, wenn eine gesetzliche Verpflichtung zur L\u00f6schung besteht oder wenn sie sich auf Kinder unter vierzehn Jahren beziehen;<\/p>\n<p>Einschr\u00e4nkung: Sie k\u00f6nnen verlangen, dass Ihre Daten nur zum Zwecke der Speicherung unter Ausschluss anderer Verarbeitungen verarbeitet werden, und zwar f\u00fcr den Zeitraum, der f\u00fcr die Berichtigung Ihrer Daten erforderlich ist, im Falle einer unrechtm\u00e4\u00dfigen Verarbeitung, deren L\u00f6schung Sie ablehnen, wenn Sie Ihre Rechte vor Gericht geltend machen m\u00fcssen und die von dem f\u00fcr die Verarbeitung Verantwortlichen aufbewahrten Daten f\u00fcr Sie von Nutzen sein k\u00f6nnen, und schlie\u00dflich, wenn Sie der Verarbeitung widersprechen und gepr\u00fcft wird, ob die berechtigten Gr\u00fcnde des f\u00fcr die Verarbeitung Verantwortlichen gegen\u00fcber Ihren \u00fcberwiegen.<\/p>\n<p>Widerspruch: Sie k\u00f6nnen der Verarbeitung Ihrer Daten jederzeit widersprechen, es sei denn, es liegen berechtigte Gr\u00fcnde f\u00fcr die Verarbeitung durch den f\u00fcr die Verarbeitung Verantwortlichen vor, die Vorrang vor Ihren eigenen Gr\u00fcnden haben, z. B. zur Geltendmachung oder Verteidigung von Rechtsanspr\u00fcchen.<\/p>\n<p>\u00dcbertragbarkeit: Sie k\u00f6nnen beantragen, Ihre Daten in einem strukturierten, g\u00e4ngigen und maschinenlesbaren Format zu erhalten oder sie an einen anderen von Ihnen angegebenen f\u00fcr die Datenverarbeitung Verantwortlichen zu \u00fcbermitteln.<\/p>\n<p>Widerruf: Sie k\u00f6nnen Ihre Einwilligung zur Verwendung von Cookies (Cookie-Richtlinie) jederzeit widerrufen, da diese in diesem Fall die Grundlage f\u00fcr die Verarbeitung darstellt. Der Widerruf der Einwilligung ber\u00fchrt jedoch nicht die Rechtm\u00e4\u00dfigkeit der Verarbeitung aufgrund der vor dem Widerruf erteilten Einwilligung.<\/p>\n<p>Der Nutzer kann jederzeit die Aus\u00fcbung der oben genannten Rechte bei mecab.eu beantragen, indem er eine E-Mail an folgende Adresse sendet: info@mecab.eu<\/p>\n<p>Dar\u00fcber hinaus hat der Nutzer das Recht, eine Beschwerde bei der italienischen Datenschutzbeh\u00f6rde &#8222;Garante per la Protezione dei Dati Personali&#8220; einzureichen, wenn er der Ansicht ist, dass seine Rechte durch mecab.eu verletzt wurden oder wenn er die Antwort von mecab.eu auf seine Anfragen nicht als zufriedenstellend empfindet.<\/p>\n<h2>\u00c4nderungen an diesem Dokument<\/h2>\n<p>Dieses Dokument, das die Datenschutzpolitik dieser Website darstellt, ist ver\u00f6ffentlicht unter: https:\/\/www.mecab.eu\/privacy-policy\/<\/p>\n<p>Es kann \u00c4nderungen oder Aktualisierungen unterliegen. Die Nutzer werden gebeten, diese Seite regelm\u00e4\u00dfig zu konsultieren, um sich \u00fcber die neuesten Rechtsvorschriften auf dem Laufenden zu halten.<\/p>\n<p>Fr\u00fchere Versionen des Dokuments sind weiterhin auf dieser Seite verf\u00fcgbar.<\/p>\n<p>Das Dokument wurde am 14.03.2023 aktualisiert, um den einschl\u00e4gigen rechtlichen Bestimmungen, insbesondere der Verordnung (EU) 2016\/679, zu entsprechen.<\/p>\n<p><!-- \/wp:heading --><\/p>\t\t\t\t\t\t<\/div>\n\t\t\t\t<\/div>\n\t\t\t\t\t<\/div>\n\t\t<\/div>\n\t\t\t\t\t\t\t<\/div>\n\t\t<\/section>\n\t\t\t\t\t\t\t<\/div>\n\t\t","protected":false},"excerpt":{"rendered":"<p>Dieses Dokument, das die Datenschutzpolitik dieser Website darstellt, kann \u00c4nderungen oder Aktualisierungen unterliegen. Die Nutzer werden gebeten, diese Seite regelm\u00e4\u00dfig zu konsultieren, um sich \u00fcber die neuesten rechtlichen \u00c4nderungen zu informieren. Das Dokument wurde am 14\/03\/2023 aktualisiert, um den einschl\u00e4gigen Rechtsvorschriften, insbesondere der Verordnung (EU) 2016\/679, zu entsprechen. Informationen zum Datenschutz auf der Website Dieser [&hellip;]<\/p>\n","protected":false},"author":1,"featured_media":0,"parent":0,"menu_order":0,"comment_status":"closed","ping_status":"open","template":"","meta":{"_locale":"de_DE","_original_post":"https:\/\/mecab.eu\/?page_id=3","footnotes":""},"class_list":["post-656","page","type-page","status-publish","hentry","de-DE"],"_links":{"self":[{"href":"https:\/\/mecab.eu\/wp-json\/wp\/v2\/pages\/656","targetHints":{"allow":["GET"]}}],"collection":[{"href":"https:\/\/mecab.eu\/wp-json\/wp\/v2\/pages"}],"about":[{"href":"https:\/\/mecab.eu\/wp-json\/wp\/v2\/types\/page"}],"author":[{"embeddable":true,"href":"https:\/\/mecab.eu\/wp-json\/wp\/v2\/users\/1"}],"replies":[{"embeddable":true,"href":"https:\/\/mecab.eu\/wp-json\/wp\/v2\/comments?post=656"}],"version-history":[{"count":4,"href":"https:\/\/mecab.eu\/wp-json\/wp\/v2\/pages\/656\/revisions"}],"predecessor-version":[{"id":668,"href":"https:\/\/mecab.eu\/wp-json\/wp\/v2\/pages\/656\/revisions\/668"}],"wp:attachment":[{"href":"https:\/\/mecab.eu\/wp-json\/wp\/v2\/media?parent=656"}],"curies":[{"name":"wp","href":"https:\/\/api.w.org\/{rel}","templated":true}]}}